{"id":5,"date":"2022-04-12T15:02:58","date_gmt":"2022-04-12T15:02:58","guid":{"rendered":"https:\/\/lesinvijaki.si\/?page_id=5"},"modified":"2024-07-05T07:39:35","modified_gmt":"2024-07-05T07:39:35","slug":"domov","status":"publish","type":"page","link":"https:\/\/lesinvijaki.si\/","title":{"rendered":"DOMOV"},"content":{"rendered":"<!--themify_builder_content-->\n<div id=\"themify_builder_content-5\" data-postid=\"5\" class=\"themify_builder_content themify_builder_content-5 themify_builder tf_clear\">\n    \t<!-- module_row -->\n\t<div  data-css_id=\"kjg3107\" data-lazy=\"1\" class=\"module_row themify_builder_row fullcover fullwidth_row_container tb_kjg3107 tb_first clearfix\" >\n\t    \t\t<div class=\"row_inner col_align_top tf_box tf_w tf_rel\">\n\t\t\t<div  data-lazy=\"1\" class=\"module_column tb-column col-full first tb_ir2x108 tf_box\">\n\t    \t    \t        <div class=\"tb-column-inner tf_box tf_w\">\n\t\t    <!-- module text -->\n<div  class=\"module module-text tb_39an108  repeat \" data-lazy=\"1\">\n            <div  class=\"tb_text_wrap\">\n    <h2><span style=\"color: #345f90;\">\u00a0<\/span><\/h2>\n<h2>\u00a0<\/h2>\n<h2>\u00a0<\/h2>\n<h2>\u00a0<\/h2>\n<h2>\u00a0<\/h2>\n<h2 style=\"text-align: center;\"><span style=\"color: #345f90;\">\u00a0<\/span><\/h2>\n<h2 style=\"text-align: center;\">\u00a0<\/h2>    <\/div>\n<\/div>\n<!-- \/module text -->\t        <\/div>\n\t    \t<\/div>\n\t\t    <\/div>\n\t    <!-- \/row_inner -->\n\t<\/div>\n\t<!-- \/module_row -->\n\t\t<!-- module_row -->\n\t<div  data-lazy=\"1\" class=\"module_row themify_builder_row builder-parallax-scrolling tb_mk72107 clearfix\" >\n\t    \t\t<div class=\"row_inner col_align_top tf_box tf_w tf_rel\">\n\t\t\t<div  data-lazy=\"1\" class=\"module_column tb-column col-full first tb_cs9a108 tf_box\">\n\t    \t    \t        <div class=\"tb-column-inner tf_box tf_w\">\n\t\t    <!-- module text -->\n<div  class=\"module module-text tb_r4it660   \" data-lazy=\"1\">\n            <div  class=\"tb_text_wrap\">\n    <h3 style=\"text-align: center;\"><span style=\"color: #993300;\">So stvari, ki igrajo pomembno vlogo v va\u0161em sodobnem \u017eivljenju &#8230;<\/span><\/h3>\n<p style=\"text-align: center;\">Dobrodo\u0161li na na\u0161i spletni strani!<br \/>Nudimo kakovostna okna, vrata, steklene stenske konstrukcije, pritrdilne elemente, pohi\u0161tvo, kopeli iz marmorne mase in umivalnike uvo\u017eene iz Latvije. Vabimo vas, da nas kontaktirate in obi\u0161\u010dete na\u0161 razstavni prostor, kjer vam bodo na\u0161i svetovalci pomagali najti najbolj\u0161o re\u0161itev za va\u0161e potrebe. Glede izdelkov, ki vas zanimajo, nas kontaktirajte in poslali vam bomo najbolj\u0161o mo\u017eno ponudbo sodelovanja.<\/p>\n<p style=\"text-align: center;\">\u00a0<\/p>    <\/div>\n<\/div>\n<!-- \/module text -->\t        <\/div>\n\t    \t<\/div>\n\t\t    <\/div>\n\t    <!-- \/row_inner -->\n\t<\/div>\n\t<!-- \/module_row -->\n\t\t<!-- module_row -->\n\t<div  data-lazy=\"1\" class=\"module_row themify_builder_row tb_kwif887 clearfix\" >\n\t    \t\t<div class=\"row_inner col_align_top gutter-none tf_box tf_w tf_rel\">\n\t\t\t<div  data-lazy=\"1\" class=\"module_column tb-column col3-1 first tb_dgjq887 tf_box\">\n\t    \t    \t        <div class=\"tb-column-inner tf_box tf_w\">\n\t\t    <!-- module menu -->\n<div  class=\"module module-menu tb_zwi6887  mobile-menu-slide\" data-menu-style=\"mobile-menu-slide\" data-menu-breakpoint=\"0\" data-element-id=\"tb_zwi6887\" data-lazy=\"1\">\n            \n    \t\t\t\n\t\t\t<div class=\"module-menu-container \"><ul id=\"menu-footer-1\" class=\"ui clearfix nav tf_rel vertical transparent \"><li id=\"menu-item-309\" class=\"menu-item-page-5 menu-item menu-item-type-post_type menu-item-object-page menu-item-home menu-item-309\"><a href=\"https:\/\/lesinvijaki.si\/\">DOMOV<\/a><\/li>\n<li id=\"menu-item-310\" class=\"menu-item-page-18 menu-item menu-item-type-post_type menu-item-object-page menu-item-310\"><a href=\"https:\/\/lesinvijaki.si\/index.php\/o-nas\/\">O NAS<\/a><\/li>\n<li id=\"menu-item-573\" class=\"menu-item-page-529 menu-item menu-item-type-post_type menu-item-object-page menu-item-573\"><a href=\"https:\/\/lesinvijaki.si\/index.php\/fibrolitne-plosce\/\">PLO\u0160\u010cE IZ LESENE VOLNE<\/a><\/li>\n<li id=\"menu-item-313\" class=\"menu-item-page-24 menu-item menu-item-type-post_type menu-item-object-page menu-item-313\"><a href=\"https:\/\/lesinvijaki.si\/index.php\/lesena-okna-vrata-in-sistemi\/\">LESENA OKNA IN VRATA<\/a><\/li>\n<li id=\"menu-item-664\" class=\"menu-item-page-654 menu-item menu-item-type-post_type menu-item-object-page menu-item-664\"><a href=\"https:\/\/lesinvijaki.si\/index.php\/strukturna-zasteklitev\/\">STRUKTURNA ZASTEKLITEV<\/a><\/li>\n<li id=\"menu-item-314\" class=\"menu-item-page-26 menu-item menu-item-type-post_type menu-item-object-page menu-item-314\"><a href=\"https:\/\/lesinvijaki.si\/index.php\/pvc-okna-aluminijasta-okna-vrata-in-sistemi\/\">ALU, PVC OKNA IN VRATA<\/a><\/li>\n<li id=\"menu-item-312\" class=\"menu-item-page-22 menu-item menu-item-type-post_type menu-item-object-page menu-item-312\"><a href=\"https:\/\/lesinvijaki.si\/index.php\/pritrdilni-elementi\/\">PRITRDILNI ELEMENTI<\/a><\/li>\n<li id=\"menu-item-598\" class=\"menu-item-page-28 menu-item menu-item-type-post_type menu-item-object-page menu-item-598\"><a href=\"https:\/\/lesinvijaki.si\/index.php\/kopalne-kadi\/\">KOPALNE KADI<\/a><\/li>\n<\/ul><\/div><\/div>\n<!-- \/module menu -->\n\t        <\/div>\n\t    \t<\/div>\n\t\t<div  data-lazy=\"1\" style=\"width: 30.98%\" class=\"module_column tb-column col3-1 middle tb_50eh887 tf_box\">\n\t    \t    \t        <div class=\"tb-column-inner tf_box tf_w\">\n\t\t    <!-- module menu -->\n<div  class=\"module module-menu tb_qu1p887  mobile-menu-slide tf_textl\" data-menu-style=\"mobile-menu-slide\" data-menu-breakpoint=\"0\" data-element-id=\"tb_qu1p887\" data-lazy=\"1\">\n            \n    \t\t\t\n\t\t\t<div class=\"module-menu-container tf_textl\"><ul id=\"menu-footer-2\" class=\"ui clearfix nav tf_rel vertical transparent \"><li id=\"menu-item-599\" class=\"menu-item-page-20 menu-item menu-item-type-post_type menu-item-object-page menu-item-599\"><a href=\"https:\/\/lesinvijaki.si\/index.php\/pohistvo\/\">POHI\u0160TVO<\/a><\/li>\n<li id=\"menu-item-318\" class=\"menu-item-page-140 menu-item menu-item-type-post_type menu-item-object-page menu-item-318\"><a href=\"https:\/\/lesinvijaki.si\/index.php\/logistika\/\">LOGISTIKA<\/a><\/li>\n<li id=\"menu-item-317\" class=\"menu-item-page-145 menu-item menu-item-type-post_type menu-item-object-page menu-item-317\"><a href=\"https:\/\/lesinvijaki.si\/index.php\/pogoji-poslovanja\/\">POGOJI POSLOVANJA<\/a><\/li>\n<li id=\"menu-item-316\" class=\"menu-item-page-154 menu-item menu-item-type-post_type menu-item-object-page menu-item-316\"><a href=\"https:\/\/lesinvijaki.si\/index.php\/pravica-do-odstopa\/\">PRAVICA DO ODSTOPA<\/a><\/li>\n<li id=\"menu-item-315\" class=\"menu-item-page-178 menu-item menu-item-type-post_type menu-item-object-page menu-item-315\"><a href=\"https:\/\/lesinvijaki.si\/index.php\/politika-zasebnosti\/\">POLITIKA ZASEBNOSTI<\/a><\/li>\n<li id=\"menu-item-319\" class=\"menu-item-page-32 menu-item menu-item-type-post_type menu-item-object-page menu-item-319\"><a href=\"https:\/\/lesinvijaki.si\/index.php\/kontakt\/\">KONTAKT<\/a><\/li>\n<\/ul><\/div><\/div>\n<!-- \/module menu -->\n\t        <\/div>\n\t    \t<\/div>\n\t\t<div  data-lazy=\"1\" style=\"width: 35.687%\" class=\"module_column tb-column col3-1 last tb_7qfd887 tf_box\">\n\t    \t    \t        <div class=\"tb-column-inner tf_box tf_w\">\n\t\t    <!-- module icon -->\n<div  class=\"module module-icon tb_tzj9888  normal none icon_vertical \" data-lazy=\"1\">\n            <div class=\"module-icon\">\n\t\t    <div class=\"module-icon-item\">\n\t\t                \t\t    \t\t\t    <i class=\"ui tf_vmiddle tf_textc tf_box brown\"><svg  aria-hidden=\"true\" class=\"tf_fa tf-fas-home\"><use href=\"#tf-fas-home\"><\/use><\/svg><\/i>\n\t\t                \t\t    \t\t\t<span class=\"tf_vmiddle\">LINC Europe d.o.o.<\/span>\n\t\t    \t\t    \t    <\/div>\n\t\t    <div class=\"module-icon-item\">\n\t\t                \t\t    \t\t\t    <i class=\"ui tf_vmiddle tf_textc tf_box brown\"><svg  aria-hidden=\"true\" class=\"tf_fa tf-far-map\"><use href=\"#tf-far-map\"><\/use><\/svg><\/i>\n\t\t                \t\t    \t\t\t<span class=\"tf_vmiddle\">Naslov: Dre\u0161inja Vas 12, 3301 Petrov\u010de, Slovenia<\/span>\n\t\t    \t\t    \t    <\/div>\n\t\t    <div class=\"module-icon-item\">\n\t\t                \t\t    \t\t\t    <i class=\"ui tf_vmiddle tf_textc tf_box brown\"><svg  aria-hidden=\"true\" class=\"tf_fa tf-fas-phone\"><use href=\"#tf-fas-phone\"><\/use><\/svg><\/i>\n\t\t                \t\t    \t\t\t<span class=\"tf_vmiddle\">Tel. \u0161tev.: +386 51214040<\/span>\n\t\t    \t\t    \t    <\/div>\n\t\t    <div class=\"module-icon-item\">\n\t\t                \t\t    \t\t\t    <i class=\"ui tf_vmiddle tf_textc tf_box brown\"><svg  aria-hidden=\"true\" class=\"tf_fa tf-ti-email\"><use href=\"#tf-ti-email\"><\/use><\/svg><\/i>\n\t\t                \t\t    \t\t\t<span class=\"tf_vmiddle\">E-naslov: info@linc-europe.com<\/span>\n\t\t    \t\t    \t    <\/div>\n\t\t    <div class=\"module-icon-item\">\n\t\t                \t\t    \t\t\t    <i class=\"ui tf_vmiddle tf_textc tf_box brown\"><svg  aria-hidden=\"true\" class=\"tf_fa tf-far-copyright\"><use href=\"#tf-far-copyright\"><\/use><\/svg><\/i>\n\t\t                \t\t    \t\t\t<span class=\"tf_vmiddle\">2022. lesinvijaki.si<\/span>\n\t\t    \t\t    \t    <\/div>\n\t    <\/div>\n<\/div>\n<!-- \/module icon -->\n\t        <\/div>\n\t    \t<\/div>\n\t\t    <\/div>\n\t    <!-- \/row_inner -->\n\t<\/div>\n\t<!-- \/module_row -->\n\t<\/div>\n<!--\/themify_builder_content-->","protected":false},"excerpt":{"rendered":"<p>\u00a0 \u00a0 \u00a0 \u00a0 \u00a0 \u00a0 \u00a0 So stvari, ki igrajo pomembno vlogo v va\u0161em sodobnem \u017eivljenju &#8230; Dobrodo\u0161li na na\u0161i spletni strani!Nudimo kakovostna okna, vrata, steklene stenske konstrukcije, pritrdilne elemente, pohi\u0161tvo, kopeli iz marmorne mase in umivalnike uvo\u017eene iz Latvije. Vabimo vas, da nas kontaktirate in obi\u0161\u010dete na\u0161 razstavni prostor, kjer vam bodo na\u0161i [&hellip;]<\/p>\n","protected":false},"author":1,"featured_media":0,"parent":0,"menu_order":0,"comment_status":"closed","ping_status":"closed","template":"","meta":{"footnotes":""},"class_list":["post-5","page","type-page","status-publish","hentry","has-post-title","has-post-date","has-post-category","has-post-tag","has-post-comment","has-post-author",""],"aioseo_notices":[],"builder_content":"<h2>\u00a0<\/h2> <h2>\u00a0<\/h2> <h2>\u00a0<\/h2> <h2>\u00a0<\/h2> <h2>\u00a0<\/h2> <h2 style=\"text-align: center;\">\u00a0<\/h2> <h2 style=\"text-align: center;\">\u00a0<\/h2>\n<h3 style=\"text-align: center;\">So stvari, ki igrajo pomembno vlogo v va\u0161em sodobnem \u017eivljenju ...<\/h3> <p style=\"text-align: center;\">Dobrodo\u0161li na na\u0161i spletni strani!<br \/>Nudimo kakovostna okna, vrata, steklene stenske konstrukcije, pritrdilne elemente, pohi\u0161tvo, kopeli iz marmorne mase in umivalnike uvo\u017eene iz Latvije. Vabimo vas, da nas kontaktirate in obi\u0161\u010dete na\u0161 razstavni prostor, kjer vam bodo na\u0161i svetovalci pomagali najti najbolj\u0161o re\u0161itev za va\u0161e potrebe. Glede izdelkov, ki vas zanimajo, nas kontaktirajte in poslali vam bomo najbolj\u0161o mo\u017eno ponudbo sodelovanja.<\/p> <p style=\"text-align: center;\">\u00a0<\/p>\n<ul id=\"menu-footer-3\"><li><a href=\"https:\/\/lesinvijaki.si\/\">DOMOV<\/a><\/li> <li><a href=\"https:\/\/lesinvijaki.si\/index.php\/o-nas\/\">O NAS<\/a><\/li> <li><a href=\"https:\/\/lesinvijaki.si\/index.php\/fibrolitne-plosce\/\">PLO\u0160\u010cE IZ LESENE VOLNE<\/a><\/li> <li><a href=\"https:\/\/lesinvijaki.si\/index.php\/lesena-okna-vrata-in-sistemi\/\">LESENA OKNA IN VRATA<\/a><\/li> <li><a href=\"https:\/\/lesinvijaki.si\/index.php\/strukturna-zasteklitev\/\">STRUKTURNA ZASTEKLITEV<\/a><\/li> <li><a href=\"https:\/\/lesinvijaki.si\/index.php\/pvc-okna-aluminijasta-okna-vrata-in-sistemi\/\">ALU, PVC OKNA IN VRATA<\/a><\/li> <li><a href=\"https:\/\/lesinvijaki.si\/index.php\/pritrdilni-elementi\/\">PRITRDILNI ELEMENTI<\/a><\/li> <li><a href=\"https:\/\/lesinvijaki.si\/index.php\/kopalne-kadi\/\">KOPALNE KADI<\/a><\/li> <\/ul>\n<ul id=\"menu-footer-4\"><li><a href=\"https:\/\/lesinvijaki.si\/index.php\/pohistvo\/\">POHI\u0160TVO<\/a><\/li> <li><a href=\"https:\/\/lesinvijaki.si\/index.php\/logistika\/\">LOGISTIKA<\/a><\/li> <li><a href=\"https:\/\/lesinvijaki.si\/index.php\/pogoji-poslovanja\/\">POGOJI POSLOVANJA<\/a><\/li> <li><a href=\"https:\/\/lesinvijaki.si\/index.php\/pravica-do-odstopa\/\">PRAVICA DO ODSTOPA<\/a><\/li> <li><a href=\"https:\/\/lesinvijaki.si\/index.php\/politika-zasebnosti\/\">POLITIKA ZASEBNOSTI<\/a><\/li> <li><a href=\"https:\/\/lesinvijaki.si\/index.php\/kontakt\/\">KONTAKT<\/a><\/li> <\/ul>\n<i><svg aria-hidden=\"true\"><use href=\"#tf-fas-home\"><\/use><\/svg><\/i> LINC Europe d.o.o. <i><svg aria-hidden=\"true\"><use href=\"#tf-far-map\"><\/use><\/svg><\/i> Naslov: Dre\u0161inja Vas 12, 3301 Petrov\u010de, Slovenia <i><svg aria-hidden=\"true\"><use href=\"#tf-fas-phone\"><\/use><\/svg><\/i> Tel. \u0161tev.: +386 51214040 <i><svg aria-hidden=\"true\"><use href=\"#tf-ti-email\"><\/use><\/svg><\/i> E-naslov: info@linc-europe.com <i><svg aria-hidden=\"true\"><use href=\"#tf-far-copyright\"><\/use><\/svg><\/i> 2022. lesinvijaki.si","_links":{"self":[{"href":"https:\/\/lesinvijaki.si\/index.php\/wp-json\/wp\/v2\/pages\/5","targetHints":{"allow":["GET"]}}],"collection":[{"href":"https:\/\/lesinvijaki.si\/index.php\/wp-json\/wp\/v2\/pages"}],"about":[{"href":"https:\/\/lesinvijaki.si\/index.php\/wp-json\/wp\/v2\/types\/page"}],"author":[{"embeddable":true,"href":"https:\/\/lesinvijaki.si\/index.php\/wp-json\/wp\/v2\/users\/1"}],"replies":[{"embeddable":true,"href":"https:\/\/lesinvijaki.si\/index.php\/wp-json\/wp\/v2\/comments?post=5"}],"version-history":[{"count":26,"href":"https:\/\/lesinvijaki.si\/index.php\/wp-json\/wp\/v2\/pages\/5\/revisions"}],"predecessor-version":[{"id":670,"href":"https:\/\/lesinvijaki.si\/index.php\/wp-json\/wp\/v2\/pages\/5\/revisions\/670"}],"wp:attachment":[{"href":"https:\/\/lesinvijaki.si\/index.php\/wp-json\/wp\/v2\/media?parent=5"}],"curies":[{"name":"wp","href":"https:\/\/api.w.org\/{rel}","templated":true}]}}