{"id":32,"date":"2022-04-12T15:07:55","date_gmt":"2022-04-12T15:07:55","guid":{"rendered":"https:\/\/lesinvijaki.si\/?page_id=32"},"modified":"2024-07-05T07:42:08","modified_gmt":"2024-07-05T07:42:08","slug":"kontakt","status":"publish","type":"page","link":"https:\/\/lesinvijaki.si\/index.php\/kontakt\/","title":{"rendered":"KONTAKT"},"content":{"rendered":"<!--themify_builder_content-->\n<div id=\"themify_builder_content-32\" data-postid=\"32\" class=\"themify_builder_content themify_builder_content-32 themify_builder tf_clear\">\n    \t<!-- module_row -->\n\t<div  data-lazy=\"1\" class=\"module_row themify_builder_row tb_s17c538 tb_first clearfix\" >\n\t    \t\t<div class=\"row_inner col_align_top tf_box tf_w tf_rel\">\n\t\t\t<div  data-lazy=\"1\" class=\"module_column tb-column col4-2 first tb_sxoo540 tf_box\">\n\t    \t    \t        <div class=\"tb-column-inner tf_box tf_w\">\n\t\t    <!-- module icon -->\n<div  class=\"module module-icon tb_0e8n540  normal none icon_vertical \" data-lazy=\"1\">\n            <div class=\"module-icon\">\n\t\t    <div class=\"module-icon-item\">\n\t\t                \t\t    \t\t\t    <i class=\"ui tf_vmiddle tf_textc tf_box brown\"><svg  aria-hidden=\"true\" class=\"tf_fa tf-far-building\"><use href=\"#tf-far-building\"><\/use><\/svg><\/i>\n\t\t                \t\t    \t\t\t<span class=\"tf_vmiddle\">LINC Europe d.o.o.  <\/span>\n\t\t    \t\t    \t    <\/div>\n\t\t    <div class=\"module-icon-item\">\n\t\t                \t\t    \t\t\t    <i class=\"ui tf_vmiddle tf_textc tf_box brown\"><svg  aria-hidden=\"true\" class=\"tf_fa tf-far-map\"><use href=\"#tf-far-map\"><\/use><\/svg><\/i>\n\t\t                \t\t    \t\t\t<span class=\"tf_vmiddle\">Naslov: Dre\u0161inja Vas 12, 3301 Petrov\u010de, Slovenia<\/span>\n\t\t    \t\t    \t    <\/div>\n\t\t    <div class=\"module-icon-item\">\n\t\t                \t\t    \t\t\t    <i class=\"ui tf_vmiddle tf_textc tf_box brown\"><svg  aria-hidden=\"true\" class=\"tf_fa tf-fas-phone\"><use href=\"#tf-fas-phone\"><\/use><\/svg><\/i>\n\t\t                \t\t    \t\t\t<span class=\"tf_vmiddle\">Tel. \u0161tev.: +386 51214040<\/span>\n\t\t    \t\t    \t    <\/div>\n\t\t    <div class=\"module-icon-item\">\n\t\t\t\t    <a href=\"mailto:info@linc-europe.com\">\n\t\t                    \t\t    \t\t\t    <i class=\"ui tf_vmiddle tf_textc tf_box brown\"><svg  aria-hidden=\"true\" class=\"tf_fa tf-ti-email\"><use href=\"#tf-ti-email\"><\/use><\/svg><\/i>\n\t\t                \t\t    \t\t\t<span class=\"tf_vmiddle\">E-naslov: info@linc-europe.com<\/span>\n\t\t    \t\t    \t\t    <\/a>\n\t\t\t    <\/div>\n\t\t    <div class=\"module-icon-item\">\n\t\t                \t\t    \t\t\t    <i class=\"ui tf_vmiddle tf_textc tf_box brown\"><svg  aria-hidden=\"true\" class=\"tf_fa tf-fas-link\"><use href=\"#tf-fas-link\"><\/use><\/svg><\/i>\n\t\t                \t\t    \t\t\t<span class=\"tf_vmiddle\">Naslov spletne strani: www.lesinvijaki.si; www.linc-europe.com\t\t\t\t\t<\/span>\n\t\t    \t\t    \t    <\/div>\n\t    <\/div>\n<\/div>\n<!-- \/module icon -->\n<!-- module image -->\n<div  class=\"module module-image tb_qre6820   image-top tf_mw\" data-lazy=\"1\">\n            <div class=\"image-wrap tf_rel tf_mw\">\n\t\t    <img loading=\"lazy\" decoding=\"async\" src=\"https:\/\/lesinvijaki.si\/wp-content\/uploads\/2022\/04\/Logo_Mockup1-logo-04-1024x683-600x400.jpg\" width=\"600\" height=\"400\" class=\"wp-post-image wp-image-198\" title=\"Logo_Mockup1-logo-04\" alt=\"Logo_Mockup1-logo-04\" srcset=\"https:\/\/lesinvijaki.si\/wp-content\/uploads\/2022\/04\/Logo_Mockup1-logo-04-1024x683-600x400.jpg 600w, https:\/\/lesinvijaki.si\/wp-content\/uploads\/2022\/04\/Logo_Mockup1-logo-04-300x200.jpg 300w, https:\/\/lesinvijaki.si\/wp-content\/uploads\/2022\/04\/Logo_Mockup1-logo-04-1024x683.jpg 1024w, https:\/\/lesinvijaki.si\/wp-content\/uploads\/2022\/04\/Logo_Mockup1-logo-04-768x512.jpg 768w, https:\/\/lesinvijaki.si\/wp-content\/uploads\/2022\/04\/Logo_Mockup1-logo-04-1536x1024.jpg 1536w, https:\/\/lesinvijaki.si\/wp-content\/uploads\/2022\/04\/Logo_Mockup1-logo-04-2048x1366.jpg 2048w, https:\/\/lesinvijaki.si\/wp-content\/uploads\/2022\/04\/Logo_Mockup1-logo-04-1024x683-449x300.jpg 449w\" sizes=\"auto, (max-width: 600px) 100vw, 600px\" \/>\t\n\t\t<\/div>\n\t<!-- \/image-wrap -->\n    \n    \n<\/div>\n<!-- \/module image -->\t        <\/div>\n\t    \t<\/div>\n\t\t<div  data-lazy=\"1\" class=\"module_column tb-column col4-2 last tb_svme540 tf_box\">\n\t    \t    \t        <div class=\"tb-column-inner tf_box tf_w\">\n\t\t    <!-- module text -->\n<div  class=\"module module-text tb_pt3a540   \" data-lazy=\"1\">\n            <div  class=\"tb_text_wrap\">\n    <h3 id=\"form\" class=\"form__title\"><span style=\"color: #993300;\">PO\u0160LJITE NAM VPRA\u0160ANJE ALI SPORO\u010cILO<\/span><\/h3>\n<h5><div class=\"wpforms-container wpforms-container-full\" id=\"wpforms-164\"><form id=\"wpforms-form-164\" class=\"wpforms-validate wpforms-form wpforms-ajax-form\" data-formid=\"164\" method=\"post\" enctype=\"multipart\/form-data\" action=\"\/index.php\/wp-json\/wp\/v2\/pages\/32\" data-token=\"1c72472d897a0b8fd4e0849c5529228b\"><noscript class=\"wpforms-error-noscript\">Please enable JavaScript in your browser to complete this form.<\/noscript><div class=\"wpforms-field-container\"><div id=\"wpforms-164-field_3-container\" class=\"wpforms-field wpforms-field-text\" data-field-id=\"3\"><input type=\"text\" id=\"wpforms-164-field_3\" class=\"wpforms-field-large wpforms-field-required\" name=\"wpforms[fields][3]\" placeholder=\"Naziv podjetja\" required><\/div><div id=\"wpforms-164-field_4-container\" class=\"wpforms-field wpforms-field-text\" data-field-id=\"4\"><input type=\"text\" id=\"wpforms-164-field_4\" class=\"wpforms-field-large wpforms-field-required\" name=\"wpforms[fields][4]\" placeholder=\"Kontaktna oseba\" required><\/div><div id=\"wpforms-164-field_9-container\" class=\"wpforms-field wpforms-field-text\" data-field-id=\"9\"><input type=\"text\" id=\"wpforms-164-field_9\" class=\"wpforms-field-large\" name=\"wpforms[fields][9]\" placeholder=\"Telefon\" ><\/div><div id=\"wpforms-164-field_7-container\" class=\"wpforms-field wpforms-field-email\" data-field-id=\"7\"><input type=\"email\" id=\"wpforms-164-field_7\" class=\"wpforms-field-large wpforms-field-required\" name=\"wpforms[fields][7]\" placeholder=\"E-naslov\" spellcheck=\"false\" required><\/div><div id=\"wpforms-164-field_8-container\" class=\"wpforms-field wpforms-field-textarea\" data-field-id=\"8\"><textarea id=\"wpforms-164-field_8\" class=\"wpforms-field-large\" name=\"wpforms[fields][8]\" placeholder=\"Va\u0161e sporo\u010dilo *\" ><\/textarea><\/div><\/div><!-- .wpforms-field-container --><div class=\"wpforms-submit-container\" ><input type=\"hidden\" name=\"wpforms[id]\" value=\"164\"><input type=\"hidden\" name=\"wpforms[author]\" value=\"1\"><button type=\"submit\" name=\"wpforms[submit]\" id=\"wpforms-submit-164\" class=\"wpforms-submit\" data-alt-text=\"Po\u0161lji sporo\u010dilo....\" data-submit-text=\"Po\u0161lji sporo\u010dilo\" aria-live=\"assertive\" value=\"wpforms-submit\">Po\u0161lji sporo\u010dilo<\/button><img loading=\"lazy\" decoding=\"async\" src=\"https:\/\/lesinvijaki.si\/wp-content\/plugins\/wpforms-lite\/assets\/images\/submit-spin.svg\" class=\"wpforms-submit-spinner\" style=\"display: none;\" width=\"26\" height=\"26\" alt=\"Loading\"><\/div><\/form><\/div>  <!-- .wpforms-container --><\/h5>    <\/div>\n<\/div>\n<!-- \/module text -->\t        <\/div>\n\t    \t<\/div>\n\t\t    <\/div>\n\t    <!-- \/row_inner -->\n\t<\/div>\n\t<!-- \/module_row -->\n\t\t<!-- module_row -->\n\t<div  data-lazy=\"1\" class=\"module_row themify_builder_row tb_mt8h538 clearfix\" >\n\t    \t\t<div class=\"row_inner col_align_top tf_box tf_w tf_rel\">\n\t\t\t<div  data-lazy=\"1\" class=\"module_column tb-column col-full first tb_1y3d540 tf_box\">\n\t    \t    \t        <div class=\"tb-column-inner tf_box tf_w\">\n\t\t    \t<div  data-lazy=\"1\" class=\"module_subrow themify_builder_sub_row tb_rebc432 tf_w clearfix\">\n\t    \t\t<div class=\"subrow_inner col_align_top tf_box tf_w\">\n\t\t\t<div  data-lazy=\"1\" class=\"sub_column module_column tf_box col-full first tb_3m6s433\"> \n\t    \t    \t<\/div>\n\t\t    <\/div>\n\t<\/div><!-- \/themify_builder_sub_row -->\n\t<!-- module map -->\n<div  class=\"module module-map tb_tfdr540 \">\n            \t\t\t    \t    <link rel=\"preconnect\" href=\"https:\/\/maps.googleapis.com\" crossorigin\/>\n\t\t<div\n\t    data-lazy=\"1\" \t    data-map-provider=\"google\"\n\t    data-address=\"Usnjarska cesta 22, 1275 \u0160martno pri Litiji, Slovenija\"\n\t    data-zoom=\"15\"\n\t    data-type=\"ROADMAP\"\n\t    data-scroll=\"\"\n\t    data-drag=\"1\"\n\t    data-mdrag=\"1\"\n\t    data-control=\"\"\n\t    class=\"tf_lazy themify_map\"\n\t    style=\"width:100%;height:300px;\"\n\t    data-info-window=\"&lt;b&gt;Address&lt;\/b&gt;&lt;br\/&gt;&lt;p&gt;Usnjarska cesta 22, 1275 \u0160martno pri Litiji, Slovenija&lt;\/p&gt;\"\n\t    data-reverse-geocoding=\"\">\n\t<\/div>\n    <\/div>\n<!-- \/module map -->\n\t        <\/div>\n\t    \t<\/div>\n\t\t    <\/div>\n\t    <!-- \/row_inner -->\n\t<\/div>\n\t<!-- \/module_row -->\n\t\t<!-- module_row -->\n\t<div  data-css_id=\"22ys693\" data-lazy=\"1\" class=\"module_row themify_builder_row fullwidth_row_container tb_22ys693 clearfix\" >\n\t    \t\t<div class=\"row_inner col_align_top gutter-none tf_box tf_w tf_rel\">\n\t\t\t<div  data-lazy=\"1\" class=\"module_column tb-column col3-1 first tb_rjln693 tf_box\">\n\t    \t    \t        <div class=\"tb-column-inner tf_box tf_w\">\n\t\t    <!-- module menu -->\n<div  class=\"module module-menu tb_2zka693  mobile-menu-slide\" data-menu-style=\"mobile-menu-slide\" data-menu-breakpoint=\"0\" data-element-id=\"tb_2zka693\" data-lazy=\"1\">\n            \n    \t\t\t\n\t\t\t<div class=\"module-menu-container \"><ul id=\"menu-footer-1\" class=\"ui clearfix nav tf_rel vertical transparent \"><li id=\"menu-item-309\" class=\"menu-item-page-5 menu-item menu-item-type-post_type menu-item-object-page menu-item-home menu-item-309\"><a href=\"https:\/\/lesinvijaki.si\/\">DOMOV<\/a><\/li>\n<li id=\"menu-item-310\" class=\"menu-item-page-18 menu-item menu-item-type-post_type menu-item-object-page menu-item-310\"><a href=\"https:\/\/lesinvijaki.si\/index.php\/o-nas\/\">O NAS<\/a><\/li>\n<li id=\"menu-item-573\" class=\"menu-item-page-529 menu-item menu-item-type-post_type menu-item-object-page menu-item-573\"><a href=\"https:\/\/lesinvijaki.si\/index.php\/fibrolitne-plosce\/\">PLO\u0160\u010cE IZ LESENE VOLNE<\/a><\/li>\n<li id=\"menu-item-313\" class=\"menu-item-page-24 menu-item menu-item-type-post_type menu-item-object-page menu-item-313\"><a href=\"https:\/\/lesinvijaki.si\/index.php\/lesena-okna-vrata-in-sistemi\/\">LESENA OKNA IN VRATA<\/a><\/li>\n<li id=\"menu-item-664\" class=\"menu-item-page-654 menu-item menu-item-type-post_type menu-item-object-page menu-item-664\"><a href=\"https:\/\/lesinvijaki.si\/index.php\/strukturna-zasteklitev\/\">STRUKTURNA ZASTEKLITEV<\/a><\/li>\n<li id=\"menu-item-314\" class=\"menu-item-page-26 menu-item menu-item-type-post_type menu-item-object-page menu-item-314\"><a href=\"https:\/\/lesinvijaki.si\/index.php\/pvc-okna-aluminijasta-okna-vrata-in-sistemi\/\">ALU, PVC OKNA IN VRATA<\/a><\/li>\n<li id=\"menu-item-312\" class=\"menu-item-page-22 menu-item menu-item-type-post_type menu-item-object-page menu-item-312\"><a href=\"https:\/\/lesinvijaki.si\/index.php\/pritrdilni-elementi\/\">PRITRDILNI ELEMENTI<\/a><\/li>\n<li id=\"menu-item-598\" class=\"menu-item-page-28 menu-item menu-item-type-post_type menu-item-object-page menu-item-598\"><a href=\"https:\/\/lesinvijaki.si\/index.php\/kopalne-kadi\/\">KOPALNE KADI<\/a><\/li>\n<\/ul><\/div><\/div>\n<!-- \/module menu -->\n\t        <\/div>\n\t    \t<\/div>\n\t\t<div  data-lazy=\"1\" style=\"width: 30.98%\" class=\"module_column tb-column col3-1 middle tb_1cti693 tf_box\">\n\t    \t    \t        <div class=\"tb-column-inner tf_box tf_w\">\n\t\t    <!-- module menu -->\n<div  class=\"module module-menu tb_gfhm693  mobile-menu-slide tf_textl\" data-menu-style=\"mobile-menu-slide\" data-menu-breakpoint=\"0\" data-element-id=\"tb_gfhm693\" data-lazy=\"1\">\n            \n    \t\t\t\n\t\t\t<div class=\"module-menu-container tf_textl\"><ul id=\"menu-footer-2\" class=\"ui clearfix nav tf_rel vertical transparent \"><li id=\"menu-item-599\" class=\"menu-item-page-20 menu-item menu-item-type-post_type menu-item-object-page menu-item-599\"><a href=\"https:\/\/lesinvijaki.si\/index.php\/pohistvo\/\">POHI\u0160TVO<\/a><\/li>\n<li id=\"menu-item-318\" class=\"menu-item-page-140 menu-item menu-item-type-post_type menu-item-object-page menu-item-318\"><a href=\"https:\/\/lesinvijaki.si\/index.php\/logistika\/\">LOGISTIKA<\/a><\/li>\n<li id=\"menu-item-317\" class=\"menu-item-page-145 menu-item menu-item-type-post_type menu-item-object-page menu-item-317\"><a href=\"https:\/\/lesinvijaki.si\/index.php\/pogoji-poslovanja\/\">POGOJI POSLOVANJA<\/a><\/li>\n<li id=\"menu-item-316\" class=\"menu-item-page-154 menu-item menu-item-type-post_type menu-item-object-page menu-item-316\"><a href=\"https:\/\/lesinvijaki.si\/index.php\/pravica-do-odstopa\/\">PRAVICA DO ODSTOPA<\/a><\/li>\n<li id=\"menu-item-315\" class=\"menu-item-page-178 menu-item menu-item-type-post_type menu-item-object-page menu-item-315\"><a href=\"https:\/\/lesinvijaki.si\/index.php\/politika-zasebnosti\/\">POLITIKA ZASEBNOSTI<\/a><\/li>\n<li id=\"menu-item-319\" class=\"menu-item-page-32 menu-item menu-item-type-post_type menu-item-object-page menu-item-319\"><a href=\"https:\/\/lesinvijaki.si\/index.php\/kontakt\/\">KONTAKT<\/a><\/li>\n<\/ul><\/div><\/div>\n<!-- \/module menu -->\n\t        <\/div>\n\t    \t<\/div>\n\t\t<div  data-lazy=\"1\" style=\"width: 35.687%\" class=\"module_column tb-column col3-1 last tb_gezu694 tf_box\">\n\t    \t    \t        <div class=\"tb-column-inner tf_box tf_w\">\n\t\t    <!-- module icon -->\n<div  class=\"module module-icon tb_rsqy694  normal none icon_vertical \" data-lazy=\"1\">\n            <div class=\"module-icon\">\n\t\t    <div class=\"module-icon-item\">\n\t\t                \t\t    \t\t\t    <i class=\"ui tf_vmiddle tf_textc tf_box brown\"><svg  aria-hidden=\"true\" class=\"tf_fa tf-fas-home\"><use href=\"#tf-fas-home\"><\/use><\/svg><\/i>\n\t\t                \t\t    \t\t\t<span class=\"tf_vmiddle\">LINC Europe d.o.o.<\/span>\n\t\t    \t\t    \t    <\/div>\n\t\t    <div class=\"module-icon-item\">\n\t\t                \t\t    \t\t\t    <i class=\"ui tf_vmiddle tf_textc tf_box brown\"><svg  aria-hidden=\"true\" class=\"tf_fa tf-far-map\"><use href=\"#tf-far-map\"><\/use><\/svg><\/i>\n\t\t                \t\t    \t\t\t<span class=\"tf_vmiddle\">Naslov : Dre\u0161inja Vas 12, 3301 Petrov\u010de, Slovenia<\/span>\n\t\t    \t\t    \t    <\/div>\n\t\t    <div class=\"module-icon-item\">\n\t\t                \t\t    \t\t\t    <i class=\"ui tf_vmiddle tf_textc tf_box brown\"><svg  aria-hidden=\"true\" class=\"tf_fa tf-fas-phone\"><use href=\"#tf-fas-phone\"><\/use><\/svg><\/i>\n\t\t                \t\t    \t\t\t<span class=\"tf_vmiddle\">Tel. \u0161tev.: +386 51214040<\/span>\n\t\t    \t\t    \t    <\/div>\n\t\t    <div class=\"module-icon-item\">\n\t\t                \t\t    \t\t\t    <i class=\"ui tf_vmiddle tf_textc tf_box brown\"><svg  aria-hidden=\"true\" class=\"tf_fa tf-ti-email\"><use href=\"#tf-ti-email\"><\/use><\/svg><\/i>\n\t\t                \t\t    \t\t\t<span class=\"tf_vmiddle\">E-naslov: info@linc-europe.com<\/span>\n\t\t    \t\t    \t    <\/div>\n\t\t    <div class=\"module-icon-item\">\n\t\t                \t\t    \t\t\t    <i class=\"ui tf_vmiddle tf_textc tf_box brown\"><svg  aria-hidden=\"true\" class=\"tf_fa tf-far-copyright\"><use href=\"#tf-far-copyright\"><\/use><\/svg><\/i>\n\t\t                \t\t    \t\t\t<span class=\"tf_vmiddle\">2022. lesinvijaki.si<\/span>\n\t\t    \t\t    \t    <\/div>\n\t    <\/div>\n<\/div>\n<!-- \/module icon -->\n\t        <\/div>\n\t    \t<\/div>\n\t\t    <\/div>\n\t    <!-- \/row_inner -->\n\t<\/div>\n\t<!-- \/module_row -->\n\t<\/div>\n<!--\/themify_builder_content-->","protected":false},"excerpt":{"rendered":"<p>LINC Europe d.o.o. Naslov: Dre\u0161inja Vas 12, 3301 Petrov\u010de, Slovenia Tel. \u0161tev.: +386 51214040 E-naslov: info@linc-europe.com Naslov spletne strani: www.lesinvijaki.si; www.linc-europe.com PO\u0160LJITE NAM VPRA\u0160ANJE ALI SPORO\u010cILO DOMOV O NAS PLO\u0160\u010cE IZ LESENE VOLNE LESENA OKNA IN VRATA STRUKTURNA ZASTEKLITEV ALU, PVC OKNA IN VRATA PRITRDILNI ELEMENTI KOPALNE KADI POHI\u0160TVO LOGISTIKA POGOJI POSLOVANJA PRAVICA DO ODSTOPA [&hellip;]<\/p>\n","protected":false},"author":1,"featured_media":0,"parent":0,"menu_order":0,"comment_status":"closed","ping_status":"closed","template":"","meta":{"footnotes":""},"class_list":["post-32","page","type-page","status-publish","hentry","has-post-title","has-post-date","has-post-category","has-post-tag","has-post-comment","has-post-author",""],"aioseo_notices":[],"builder_content":"<i><svg aria-hidden=\"true\"><use href=\"#tf-far-building\"><\/use><\/svg><\/i> LINC Europe d.o.o. <i><svg aria-hidden=\"true\"><use href=\"#tf-far-map\"><\/use><\/svg><\/i> Naslov: Dre\u0161inja Vas 12, 3301 Petrov\u010de, Slovenia <i><svg aria-hidden=\"true\"><use href=\"#tf-fas-phone\"><\/use><\/svg><\/i> Tel. \u0161tev.: +386 51214040 <a href=\"mailto:info@linc-europe.com\"> <i><svg aria-hidden=\"true\"><use href=\"#tf-ti-email\"><\/use><\/svg><\/i> E-naslov: info@linc-europe.com <\/a> <i><svg aria-hidden=\"true\"><use href=\"#tf-fas-link\"><\/use><\/svg><\/i> Naslov spletne strani: www.lesinvijaki.si; www.linc-europe.com\n<img loading=\"lazy\" decoding=\"async\" src=\"https:\/\/lesinvijaki.si\/wp-content\/uploads\/2022\/04\/Logo_Mockup1-logo-04-1024x683-600x400.jpg\" width=\"600\" height=\"400\" title=\"Logo_Mockup1-logo-04\" alt=\"Logo_Mockup1-logo-04\" srcset=\"https:\/\/lesinvijaki.si\/wp-content\/uploads\/2022\/04\/Logo_Mockup1-logo-04-1024x683-600x400.jpg 600w, https:\/\/lesinvijaki.si\/wp-content\/uploads\/2022\/04\/Logo_Mockup1-logo-04-300x200.jpg 300w, https:\/\/lesinvijaki.si\/wp-content\/uploads\/2022\/04\/Logo_Mockup1-logo-04-1024x683.jpg 1024w, https:\/\/lesinvijaki.si\/wp-content\/uploads\/2022\/04\/Logo_Mockup1-logo-04-768x512.jpg 768w, https:\/\/lesinvijaki.si\/wp-content\/uploads\/2022\/04\/Logo_Mockup1-logo-04-1536x1024.jpg 1536w, https:\/\/lesinvijaki.si\/wp-content\/uploads\/2022\/04\/Logo_Mockup1-logo-04-2048x1366.jpg 2048w, https:\/\/lesinvijaki.si\/wp-content\/uploads\/2022\/04\/Logo_Mockup1-logo-04-1024x683-449x300.jpg 449w\" sizes=\"auto, (max-width: 600px) 100vw, 600px\" \/>\n<h3 id=\"form\">PO\u0160LJITE NAM VPRA\u0160ANJE ALI SPORO\u010cILO<\/h3> <h5>[wpforms id=\"164\"]<\/h5>\n<h3><\/h3><iframe frameborder=\"0\" scrolling=\"no\" marginheight=\"0\" marginwidth=\"0\" src=\"https:\/\/maps.google.com\/maps?q=Usnjarska+cesta+22%2C+1275+%C5%A0martno+pri+Litiji%2C+Slovenija&amp;t=m&amp;z=15&amp;output=embed&amp;iwloc=near\"><\/iframe>\n<ul id=\"menu-footer-3\"><li><a href=\"https:\/\/lesinvijaki.si\/\">DOMOV<\/a><\/li> <li><a href=\"https:\/\/lesinvijaki.si\/index.php\/o-nas\/\">O NAS<\/a><\/li> <li><a href=\"https:\/\/lesinvijaki.si\/index.php\/fibrolitne-plosce\/\">PLO\u0160\u010cE IZ LESENE VOLNE<\/a><\/li> <li><a href=\"https:\/\/lesinvijaki.si\/index.php\/lesena-okna-vrata-in-sistemi\/\">LESENA OKNA IN VRATA<\/a><\/li> <li><a href=\"https:\/\/lesinvijaki.si\/index.php\/strukturna-zasteklitev\/\">STRUKTURNA ZASTEKLITEV<\/a><\/li> <li><a href=\"https:\/\/lesinvijaki.si\/index.php\/pvc-okna-aluminijasta-okna-vrata-in-sistemi\/\">ALU, PVC OKNA IN VRATA<\/a><\/li> <li><a href=\"https:\/\/lesinvijaki.si\/index.php\/pritrdilni-elementi\/\">PRITRDILNI ELEMENTI<\/a><\/li> <li><a href=\"https:\/\/lesinvijaki.si\/index.php\/kopalne-kadi\/\">KOPALNE KADI<\/a><\/li> <\/ul>\n<ul id=\"menu-footer-4\"><li><a href=\"https:\/\/lesinvijaki.si\/index.php\/pohistvo\/\">POHI\u0160TVO<\/a><\/li> <li><a href=\"https:\/\/lesinvijaki.si\/index.php\/logistika\/\">LOGISTIKA<\/a><\/li> <li><a href=\"https:\/\/lesinvijaki.si\/index.php\/pogoji-poslovanja\/\">POGOJI POSLOVANJA<\/a><\/li> <li><a href=\"https:\/\/lesinvijaki.si\/index.php\/pravica-do-odstopa\/\">PRAVICA DO ODSTOPA<\/a><\/li> <li><a href=\"https:\/\/lesinvijaki.si\/index.php\/politika-zasebnosti\/\">POLITIKA ZASEBNOSTI<\/a><\/li> <li><a href=\"https:\/\/lesinvijaki.si\/index.php\/kontakt\/\">KONTAKT<\/a><\/li> <\/ul>\n<i><svg aria-hidden=\"true\"><use href=\"#tf-fas-home\"><\/use><\/svg><\/i> LINC Europe d.o.o. <i><svg aria-hidden=\"true\"><use href=\"#tf-far-map\"><\/use><\/svg><\/i> Naslov : Dre\u0161inja Vas 12, 3301 Petrov\u010de, Slovenia <i><svg aria-hidden=\"true\"><use href=\"#tf-fas-phone\"><\/use><\/svg><\/i> Tel. \u0161tev.: +386 51214040 <i><svg aria-hidden=\"true\"><use href=\"#tf-ti-email\"><\/use><\/svg><\/i> E-naslov: info@linc-europe.com <i><svg aria-hidden=\"true\"><use href=\"#tf-far-copyright\"><\/use><\/svg><\/i> 2022. lesinvijaki.si","_links":{"self":[{"href":"https:\/\/lesinvijaki.si\/index.php\/wp-json\/wp\/v2\/pages\/32","targetHints":{"allow":["GET"]}}],"collection":[{"href":"https:\/\/lesinvijaki.si\/index.php\/wp-json\/wp\/v2\/pages"}],"about":[{"href":"https:\/\/lesinvijaki.si\/index.php\/wp-json\/wp\/v2\/types\/page"}],"author":[{"embeddable":true,"href":"https:\/\/lesinvijaki.si\/index.php\/wp-json\/wp\/v2\/users\/1"}],"replies":[{"embeddable":true,"href":"https:\/\/lesinvijaki.si\/index.php\/wp-json\/wp\/v2\/comments?post=32"}],"version-history":[{"count":38,"href":"https:\/\/lesinvijaki.si\/index.php\/wp-json\/wp\/v2\/pages\/32\/revisions"}],"predecessor-version":[{"id":680,"href":"https:\/\/lesinvijaki.si\/index.php\/wp-json\/wp\/v2\/pages\/32\/revisions\/680"}],"wp:attachment":[{"href":"https:\/\/lesinvijaki.si\/index.php\/wp-json\/wp\/v2\/media?parent=32"}],"curies":[{"name":"wp","href":"https:\/\/api.w.org\/{rel}","templated":true}]}}