{"id":154,"date":"2022-04-20T11:25:13","date_gmt":"2022-04-20T11:25:13","guid":{"rendered":"https:\/\/lesinvijaki.si\/?page_id=154"},"modified":"2024-07-05T07:42:56","modified_gmt":"2024-07-05T07:42:56","slug":"pravica-do-odstopa","status":"publish","type":"page","link":"https:\/\/lesinvijaki.si\/index.php\/pravica-do-odstopa\/","title":{"rendered":"PRAVICA DO ODSTOPA"},"content":{"rendered":"<!--themify_builder_content-->\n<div id=\"themify_builder_content-154\" data-postid=\"154\" class=\"themify_builder_content themify_builder_content-154 themify_builder tf_clear\">\n    \t<!-- module_row -->\n\t<div  data-lazy=\"1\" class=\"module_row themify_builder_row tb_2js3217 tb_first clearfix\" >\n\t    \t\t<div class=\"row_inner col_align_top tf_box tf_w tf_rel\">\n\t\t\t<div  data-lazy=\"1\" class=\"module_column tb-column col-full first tb_ul2h220 tf_box\">\n\t    \t    \t        <div class=\"tb-column-inner tf_box tf_w\">\n\t\t    <!-- module text -->\n<div  class=\"module module-text tb_q6z0220   \" data-lazy=\"1\">\n            <div  class=\"tb_text_wrap\">\n    <h3><span style=\"color: #993300;\">Vra\u010dilo blaga<\/span><\/h3>    <\/div>\n<\/div>\n<!-- \/module text --><!-- module text -->\n<div  class=\"module module-text tb_1bpk220   \" data-lazy=\"1\">\n            <div  class=\"tb_text_wrap\">\n    <p>Ob nakupu v spletni torgovini DELVE 2 www.delve2.si ima kupec pravico do vra\u010dila izdelka v 14 dneh od dneva prejema. pravica do odstopa velja le za nakupe na daljavo.<br \/>Pravica do odstopa od pogodbe velja 14 dni od dneva prejema izdelka.<br \/>Za vra\u010dilo nakupa morate obvestiti LINC Europe d.o.o. tako, da po\u0161ljete obrazec za uveljavitev pravice do odstopa na e-p\u0161tni naslov: info@linc-europe.com, najkasneje do 14 dni po prejemu izdelka.<br \/>Kupec je dol\u017ean blago izro\u010diti prodajalcu najkasneje v 14 dneh od obvestila prodojalca o uveljavljanju pravice do odstopa od pogodbe.<br \/>Obrazec za uveljavitev pravice do odstopa <span style=\"color: #000000;\"><a style=\"color: #000000;\" href=\"http:\/\/lesinvijaki.ilbkconnect.com\/wp-content\/uploads\/2022\/04\/PRAVICA-DO-ODSTOPA-obrazec.docx\">najdete tukaj.<\/a><\/span><\/p>    <\/div>\n<\/div>\n<!-- \/module text --><!-- module buttons -->\n<div  class=\"module module-buttons tb_yu7e398 buttons-horizontal outline  rounded\" data-lazy=\"1\">\n            \t<div class=\"module-buttons-item tf_inline_b\">\n\t    \t\t    <a href=\"https:\/\/lesinvijaki.si\/wp-content\/uploads\/2022\/04\/PRAVICA-DO-ODSTOPA-obrazec.docx\" class=\"ui builder_button red\" >\n\t\t\t\t        \t\t<span class=\"tf_inline_b tf_vmiddle\">najdete tukaj<\/span>\n\t\t    \t\t    \t\t    <\/a>\n\t\t        \t<\/div>\n\t    <\/div>\n<!-- \/module buttons -->\n\t        <\/div>\n\t    \t<\/div>\n\t\t    <\/div>\n\t    <!-- \/row_inner -->\n\t<\/div>\n\t<!-- \/module_row -->\n\t\t<!-- module_row -->\n\t<div  data-lazy=\"1\" class=\"module_row themify_builder_row tb_t5qp576 clearfix\" >\n\t    \t\t<div class=\"row_inner col_align_top tf_box tf_w tf_rel\">\n\t\t\t<div  data-lazy=\"1\" class=\"module_column tb-column col-full first tb_1eix577 tf_box\">\n\t    \t    \t        <div class=\"tb-column-inner tf_box tf_w\">\n\t\t    <!-- module text -->\n<div  class=\"module module-text tb_g7r7769   \" data-lazy=\"1\">\n            <div  class=\"tb_text_wrap\">\n    <p><span style=\"color: #000000;\">\u010ce ste uveljavljali pravico do odstopa, vendar ta ni bila povezana z neskladnostjo zadevnega izdelka ali storitve s pogoji pogodbe, ste dol\u017eni kriti stro\u0161ke, nastale z vra\u010dilom izdelka.<\/span><\/p>\n<p><span style=\"color: #000000;\">Izdelek mora biti dostavljen v skladi\u0161\u010de DELVE 2 d.o.o. Mellu\u017eu cesta 17-2, Riga, Latvija, LV-1067 od koder je bilo blago dostavljeno.<\/span><br \/><span style=\"color: #000000;\">Izdelek je treba vrniti v enakem stanju in embala\u017ei, kot je bilo dostavljen kupcu.<\/span><\/p>\n<p><span style=\"color: #000000;\">Sranka je odgovorna za ohranjanje kakovosti in varnosti izdelka med uveljavljanjem pravice do odstopa, \u010de je bil izdelek uporabljen na na\u010din, ki ni zdru\u017eljiv z na\u010delom dobre prakse, tudi za druge namene kot ugotavljanje narave oz. funkcija izdelka.<\/span><\/p>\n<p><span style=\"color: #000000;\">Potro\u0161nik je odgovoren za zni\u017eanje vrednosti izdelka, \u010de je bil izdelek med uveljanjem pravice do odstopa od pogodbe uporabljen za druge namene kot za ugotavljanje narave, lastnosti in delovanja izdelka. Izdelek se uporablja za namene testiranja v obsegu, v katerem je to mogo\u010de storiti v trgovini.<\/span><\/p>\n<p><span style=\"color: #000000;\">LINC Europe d.o.o. ne prevzame nazaj izdelka, ki je rabljen, po\u0161kodovan, nepopoln in ga zaradi po\u0161kodbe ni mogo\u010de prodati.<\/span><\/p>    <\/div>\n<\/div>\n<!-- \/module text -->\t        <\/div>\n\t    \t<\/div>\n\t\t    <\/div>\n\t    <!-- \/row_inner -->\n\t<\/div>\n\t<!-- \/module_row -->\n\t\t<!-- module_row -->\n\t<div  data-lazy=\"1\" class=\"module_row themify_builder_row tb_btsf669 clearfix\" >\n\t    \t\t<div class=\"row_inner col_align_top tf_box tf_w tf_rel\">\n\t\t\t<div  data-lazy=\"1\" class=\"module_column tb-column col2-1 first tb_6zpk670 tf_box\">\n\t    \t    \t        <div class=\"tb-column-inner tf_box tf_w\">\n\t\t    <!-- module text -->\n<div  class=\"module module-text tb_9rjy618   \" data-lazy=\"1\">\n            <div  class=\"tb_text_wrap\">\n    <h3><span style=\"color: #993300;\">Vra\u010dilo pla\u010dila<\/span><\/h3>    <\/div>\n<\/div>\n<!-- \/module text --><!-- module text -->\n<div  class=\"module module-text tb_vzi7664   \" data-lazy=\"1\">\n            <div  class=\"tb_text_wrap\">\n    <p><span style=\"color: #000000;\">Ob prejemu vrnjenega izdelka bomo prevarili, da se vrednost izdelka ni zmanj\u0161ala, nato pa bomo znesek pla\u010dali glede na stanje ( vrednost) vrnjenega izdelka.<\/span><\/p>\n<p><span style=\"color: #000000;\">Pla\u010dilo bo povrnjeno na enak na\u010din, kot je bil uporabljen za nakup izdelka.<\/span><\/p>\n<p><span style=\"color: #000000;\">Obveznost prodajalca je, da kupcu v najkraj\u0161em mo\u017enem \u010dasu, najkasneje v 14 dneh od dneva prejema izdelka, povrne preostalo vrednost izdelka in za\u010detne stro\u0161ke dostave, \u010de so bili ti vklju\u010deni v naro\u010dilo.<\/span><\/p>    <\/div>\n<\/div>\n<!-- \/module text --><!-- module text -->\n<div  class=\"module module-text tb_ilxp409   \" data-lazy=\"1\">\n            <div  class=\"tb_text_wrap\">\n    <h3><span style=\"color: #993300;\">Preklic naro\u010dil<\/span><\/h3>    <\/div>\n<\/div>\n<!-- \/module text --><!-- module text -->\n<div  class=\"module module-text tb_5a9q409   \" data-lazy=\"1\">\n            <div  class=\"tb_text_wrap\">\n    <p>Naro\u010dilo lahko prekli\u010dete tako, da se obrnete na LINC Europe d.o.o. po e-po\u0161ti: info@linc-europe.com, pod pogojem, da naro\u010dilo \u0161e ni bilo izpolnjeno ali predano prevozniku.<\/p>    <\/div>\n<\/div>\n<!-- \/module text -->\t        <\/div>\n\t    \t<\/div>\n\t\t<div  data-lazy=\"1\" class=\"module_column tb-column col2-1 last tb_xezw670 tf_box\">\n\t    \t    \t        <div class=\"tb-column-inner tf_box tf_w\">\n\t\t    <!-- module image -->\n<div  class=\"module module-image tb_rhjs160   image-top tf_mw\" data-lazy=\"1\">\n            <div class=\"image-wrap tf_rel tf_mw\">\n\t\t    <img loading=\"lazy\" decoding=\"async\" src=\"https:\/\/lesinvijaki.si\/wp-content\/uploads\/2022\/05\/AdobeStock_296293674-2-1024x683-600x400.jpeg\" width=\"600\" height=\"400\" class=\"wp-post-image wp-image-288\" title=\"screws on a wooden background\" alt=\"screws on a wooden background\" srcset=\"https:\/\/lesinvijaki.si\/wp-content\/uploads\/2022\/05\/AdobeStock_296293674-2-1024x683-600x400.jpeg 600w, https:\/\/lesinvijaki.si\/wp-content\/uploads\/2022\/05\/AdobeStock_296293674-2-300x200.jpeg 300w, https:\/\/lesinvijaki.si\/wp-content\/uploads\/2022\/05\/AdobeStock_296293674-2-1024x683.jpeg 1024w, https:\/\/lesinvijaki.si\/wp-content\/uploads\/2022\/05\/AdobeStock_296293674-2-768x512.jpeg 768w, https:\/\/lesinvijaki.si\/wp-content\/uploads\/2022\/05\/AdobeStock_296293674-2-1536x1024.jpeg 1536w, https:\/\/lesinvijaki.si\/wp-content\/uploads\/2022\/05\/AdobeStock_296293674-2-2048x1365.jpeg 2048w\" sizes=\"auto, (max-width: 600px) 100vw, 600px\" \/>\t\n\t\t<\/div>\n\t<!-- \/image-wrap -->\n    \n    \n<\/div>\n<!-- \/module image -->\t        <\/div>\n\t    \t<\/div>\n\t\t    <\/div>\n\t    <!-- \/row_inner -->\n\t<\/div>\n\t<!-- \/module_row -->\n\t\t<!-- module_row -->\n\t<div  data-css_id=\"wmr3163\" data-lazy=\"1\" class=\"module_row themify_builder_row fullwidth_row_container tb_wmr3163 clearfix\" >\n\t    \t\t<div class=\"row_inner col_align_top gutter-none tf_box tf_w tf_rel\">\n\t\t\t<div  data-lazy=\"1\" class=\"module_column tb-column col3-1 first tb_w8ks163 tf_box\">\n\t    \t    \t        <div class=\"tb-column-inner tf_box tf_w\">\n\t\t    <!-- module menu -->\n<div  class=\"module module-menu tb_xpps163  mobile-menu-slide\" data-menu-style=\"mobile-menu-slide\" data-menu-breakpoint=\"0\" data-element-id=\"tb_xpps163\" data-lazy=\"1\">\n            \n    \t\t\t\n\t\t\t<div class=\"module-menu-container \"><ul id=\"menu-footer-1\" class=\"ui clearfix nav tf_rel vertical transparent \"><li id=\"menu-item-309\" class=\"menu-item-page-5 menu-item menu-item-type-post_type menu-item-object-page menu-item-home menu-item-309\"><a href=\"https:\/\/lesinvijaki.si\/\">DOMOV<\/a><\/li>\n<li id=\"menu-item-310\" class=\"menu-item-page-18 menu-item menu-item-type-post_type menu-item-object-page menu-item-310\"><a href=\"https:\/\/lesinvijaki.si\/index.php\/o-nas\/\">O NAS<\/a><\/li>\n<li id=\"menu-item-573\" class=\"menu-item-page-529 menu-item menu-item-type-post_type menu-item-object-page menu-item-573\"><a href=\"https:\/\/lesinvijaki.si\/index.php\/fibrolitne-plosce\/\">PLO\u0160\u010cE IZ LESENE VOLNE<\/a><\/li>\n<li id=\"menu-item-313\" class=\"menu-item-page-24 menu-item menu-item-type-post_type menu-item-object-page menu-item-313\"><a href=\"https:\/\/lesinvijaki.si\/index.php\/lesena-okna-vrata-in-sistemi\/\">LESENA OKNA IN VRATA<\/a><\/li>\n<li id=\"menu-item-664\" class=\"menu-item-page-654 menu-item menu-item-type-post_type menu-item-object-page menu-item-664\"><a href=\"https:\/\/lesinvijaki.si\/index.php\/strukturna-zasteklitev\/\">STRUKTURNA ZASTEKLITEV<\/a><\/li>\n<li id=\"menu-item-314\" class=\"menu-item-page-26 menu-item menu-item-type-post_type menu-item-object-page menu-item-314\"><a href=\"https:\/\/lesinvijaki.si\/index.php\/pvc-okna-aluminijasta-okna-vrata-in-sistemi\/\">ALU, PVC OKNA IN VRATA<\/a><\/li>\n<li id=\"menu-item-312\" class=\"menu-item-page-22 menu-item menu-item-type-post_type menu-item-object-page menu-item-312\"><a href=\"https:\/\/lesinvijaki.si\/index.php\/pritrdilni-elementi\/\">PRITRDILNI ELEMENTI<\/a><\/li>\n<li id=\"menu-item-598\" class=\"menu-item-page-28 menu-item menu-item-type-post_type menu-item-object-page menu-item-598\"><a href=\"https:\/\/lesinvijaki.si\/index.php\/kopalne-kadi\/\">KOPALNE KADI<\/a><\/li>\n<\/ul><\/div><\/div>\n<!-- \/module menu -->\n\t        <\/div>\n\t    \t<\/div>\n\t\t<div  data-lazy=\"1\" style=\"width: 30.98%\" class=\"module_column tb-column col3-1 middle tb_ucsq163 tf_box\">\n\t    \t    \t        <div class=\"tb-column-inner tf_box tf_w\">\n\t\t    <!-- module menu -->\n<div  class=\"module module-menu tb_8fac163  mobile-menu-slide tf_textl\" data-menu-style=\"mobile-menu-slide\" data-menu-breakpoint=\"0\" data-element-id=\"tb_8fac163\" data-lazy=\"1\">\n            \n    \t\t\t\n\t\t\t<div class=\"module-menu-container tf_textl\"><ul id=\"menu-footer-2\" class=\"ui clearfix nav tf_rel vertical transparent \"><li id=\"menu-item-599\" class=\"menu-item-page-20 menu-item menu-item-type-post_type menu-item-object-page menu-item-599\"><a href=\"https:\/\/lesinvijaki.si\/index.php\/pohistvo\/\">POHI\u0160TVO<\/a><\/li>\n<li id=\"menu-item-318\" class=\"menu-item-page-140 menu-item menu-item-type-post_type menu-item-object-page menu-item-318\"><a href=\"https:\/\/lesinvijaki.si\/index.php\/logistika\/\">LOGISTIKA<\/a><\/li>\n<li id=\"menu-item-317\" class=\"menu-item-page-145 menu-item menu-item-type-post_type menu-item-object-page menu-item-317\"><a href=\"https:\/\/lesinvijaki.si\/index.php\/pogoji-poslovanja\/\">POGOJI POSLOVANJA<\/a><\/li>\n<li id=\"menu-item-316\" class=\"menu-item-page-154 menu-item menu-item-type-post_type menu-item-object-page menu-item-316\"><a href=\"https:\/\/lesinvijaki.si\/index.php\/pravica-do-odstopa\/\">PRAVICA DO ODSTOPA<\/a><\/li>\n<li id=\"menu-item-315\" class=\"menu-item-page-178 menu-item menu-item-type-post_type menu-item-object-page menu-item-315\"><a href=\"https:\/\/lesinvijaki.si\/index.php\/politika-zasebnosti\/\">POLITIKA ZASEBNOSTI<\/a><\/li>\n<li id=\"menu-item-319\" class=\"menu-item-page-32 menu-item menu-item-type-post_type menu-item-object-page menu-item-319\"><a href=\"https:\/\/lesinvijaki.si\/index.php\/kontakt\/\">KONTAKT<\/a><\/li>\n<\/ul><\/div><\/div>\n<!-- \/module menu -->\n\t        <\/div>\n\t    \t<\/div>\n\t\t<div  data-lazy=\"1\" style=\"width: 35.687%\" class=\"module_column tb-column col3-1 last tb_x3uf163 tf_box\">\n\t    \t    \t        <div class=\"tb-column-inner tf_box tf_w\">\n\t\t    <!-- module icon -->\n<div  class=\"module module-icon tb_kuzm163  normal none icon_vertical \" data-lazy=\"1\">\n            <div class=\"module-icon\">\n\t\t    <div class=\"module-icon-item\">\n\t\t                \t\t    \t\t\t    <i class=\"ui tf_vmiddle tf_textc tf_box brown\"><svg  aria-hidden=\"true\" class=\"tf_fa tf-fas-home\"><use href=\"#tf-fas-home\"><\/use><\/svg><\/i>\n\t\t                \t\t    \t\t\t<span class=\"tf_vmiddle\">LINC Europe d.o.o.<\/span>\n\t\t    \t\t    \t    <\/div>\n\t\t    <div class=\"module-icon-item\">\n\t\t                \t\t    \t\t\t    <i class=\"ui tf_vmiddle tf_textc tf_box brown\"><svg  aria-hidden=\"true\" class=\"tf_fa tf-far-map\"><use href=\"#tf-far-map\"><\/use><\/svg><\/i>\n\t\t                \t\t    \t\t\t<span class=\"tf_vmiddle\">Naslov: Dre\u0161inja Vas 12, 3301 Petrov\u010de, Slovenia<\/span>\n\t\t    \t\t    \t    <\/div>\n\t\t    <div class=\"module-icon-item\">\n\t\t                \t\t    \t\t\t    <i class=\"ui tf_vmiddle tf_textc tf_box brown\"><svg  aria-hidden=\"true\" class=\"tf_fa tf-fas-phone\"><use href=\"#tf-fas-phone\"><\/use><\/svg><\/i>\n\t\t                \t\t    \t\t\t<span class=\"tf_vmiddle\">Tel. \u0161tev.: +386 51214040<\/span>\n\t\t    \t\t    \t    <\/div>\n\t\t    <div class=\"module-icon-item\">\n\t\t                \t\t    \t\t\t    <i class=\"ui tf_vmiddle tf_textc tf_box brown\"><svg  aria-hidden=\"true\" class=\"tf_fa tf-ti-email\"><use href=\"#tf-ti-email\"><\/use><\/svg><\/i>\n\t\t                \t\t    \t\t\t<span class=\"tf_vmiddle\">E-naslov: info@linc-europe.com<\/span>\n\t\t    \t\t    \t    <\/div>\n\t\t    <div class=\"module-icon-item\">\n\t\t                \t\t    \t\t\t    <i class=\"ui tf_vmiddle tf_textc tf_box brown\"><svg  aria-hidden=\"true\" class=\"tf_fa tf-far-copyright\"><use href=\"#tf-far-copyright\"><\/use><\/svg><\/i>\n\t\t                \t\t    \t\t\t<span class=\"tf_vmiddle\">2022. lesinvijaki.si<\/span>\n\t\t    \t\t    \t    <\/div>\n\t    <\/div>\n<\/div>\n<!-- \/module icon -->\n\t        <\/div>\n\t    \t<\/div>\n\t\t    <\/div>\n\t    <!-- \/row_inner -->\n\t<\/div>\n\t<!-- \/module_row -->\n\t<\/div>\n<!--\/themify_builder_content-->","protected":false},"excerpt":{"rendered":"<p>Vra\u010dilo blaga Ob nakupu v spletni torgovini DELVE 2 www.delve2.si ima kupec pravico do vra\u010dila izdelka v 14 dneh od dneva prejema. pravica do odstopa velja le za nakupe na daljavo.Pravica do odstopa od pogodbe velja 14 dni od dneva prejema izdelka.Za vra\u010dilo nakupa morate obvestiti LINC Europe d.o.o. tako, da po\u0161ljete obrazec za uveljavitev [&hellip;]<\/p>\n","protected":false},"author":1,"featured_media":0,"parent":0,"menu_order":0,"comment_status":"closed","ping_status":"closed","template":"","meta":{"footnotes":""},"class_list":["post-154","page","type-page","status-publish","hentry","has-post-title","has-post-date","has-post-category","has-post-tag","has-post-comment","has-post-author",""],"aioseo_notices":[],"builder_content":"<h3>Vra\u010dilo blaga<\/h3>\n<p>Ob nakupu v spletni torgovini DELVE 2 www.delve2.si ima kupec pravico do vra\u010dila izdelka v 14 dneh od dneva prejema. pravica do odstopa velja le za nakupe na daljavo.<br \/>Pravica do odstopa od pogodbe velja 14 dni od dneva prejema izdelka.<br \/>Za vra\u010dilo nakupa morate obvestiti LINC Europe d.o.o. tako, da po\u0161ljete obrazec za uveljavitev pravice do odstopa na e-p\u0161tni naslov: info@linc-europe.com, najkasneje do 14 dni po prejemu izdelka.<br \/>Kupec je dol\u017ean blago izro\u010diti prodajalcu najkasneje v 14 dneh od obvestila prodojalca o uveljavljanju pravice do odstopa od pogodbe.<br \/>Obrazec za uveljavitev pravice do odstopa <a style=\"color: #000000;\" href=\"http:\/\/lesinvijaki.ilbkconnect.com\/wp-content\/uploads\/2022\/04\/PRAVICA-DO-ODSTOPA-obrazec.docx\">najdete tukaj.<\/a><\/p>\n<a href=\"https:\/\/lesinvijaki.si\/wp-content\/uploads\/2022\/04\/PRAVICA-DO-ODSTOPA-obrazec.docx\" > najdete tukaj <\/a>\n<p>\u010ce ste uveljavljali pravico do odstopa, vendar ta ni bila povezana z neskladnostjo zadevnega izdelka ali storitve s pogoji pogodbe, ste dol\u017eni kriti stro\u0161ke, nastale z vra\u010dilom izdelka.<\/p> <p>Izdelek mora biti dostavljen v skladi\u0161\u010de DELVE 2 d.o.o. Mellu\u017eu cesta 17-2, Riga, Latvija, LV-1067 od koder je bilo blago dostavljeno.<br \/>Izdelek je treba vrniti v enakem stanju in embala\u017ei, kot je bilo dostavljen kupcu.<\/p> <p>Sranka je odgovorna za ohranjanje kakovosti in varnosti izdelka med uveljavljanjem pravice do odstopa, \u010de je bil izdelek uporabljen na na\u010din, ki ni zdru\u017eljiv z na\u010delom dobre prakse, tudi za druge namene kot ugotavljanje narave oz. funkcija izdelka.<\/p> <p>Potro\u0161nik je odgovoren za zni\u017eanje vrednosti izdelka, \u010de je bil izdelek med uveljanjem pravice do odstopa od pogodbe uporabljen za druge namene kot za ugotavljanje narave, lastnosti in delovanja izdelka. Izdelek se uporablja za namene testiranja v obsegu, v katerem je to mogo\u010de storiti v trgovini.<\/p> <p>LINC Europe d.o.o. ne prevzame nazaj izdelka, ki je rabljen, po\u0161kodovan, nepopoln in ga zaradi po\u0161kodbe ni mogo\u010de prodati.<\/p>\n<h3>Vra\u010dilo pla\u010dila<\/h3>\n<p>Ob prejemu vrnjenega izdelka bomo prevarili, da se vrednost izdelka ni zmanj\u0161ala, nato pa bomo znesek pla\u010dali glede na stanje ( vrednost) vrnjenega izdelka.<\/p> <p>Pla\u010dilo bo povrnjeno na enak na\u010din, kot je bil uporabljen za nakup izdelka.<\/p> <p>Obveznost prodajalca je, da kupcu v najkraj\u0161em mo\u017enem \u010dasu, najkasneje v 14 dneh od dneva prejema izdelka, povrne preostalo vrednost izdelka in za\u010detne stro\u0161ke dostave, \u010de so bili ti vklju\u010deni v naro\u010dilo.<\/p>\n<h3>Preklic naro\u010dil<\/h3>\n<p>Naro\u010dilo lahko prekli\u010dete tako, da se obrnete na LINC Europe d.o.o. po e-po\u0161ti: info@linc-europe.com, pod pogojem, da naro\u010dilo \u0161e ni bilo izpolnjeno ali predano prevozniku.<\/p>\n<img loading=\"lazy\" decoding=\"async\" src=\"https:\/\/lesinvijaki.si\/wp-content\/uploads\/2022\/05\/AdobeStock_296293674-2-1024x683-600x400.jpeg\" width=\"600\" height=\"400\" title=\"screws on a wooden background\" alt=\"screws on a wooden background\" srcset=\"https:\/\/lesinvijaki.si\/wp-content\/uploads\/2022\/05\/AdobeStock_296293674-2-1024x683-600x400.jpeg 600w, https:\/\/lesinvijaki.si\/wp-content\/uploads\/2022\/05\/AdobeStock_296293674-2-300x200.jpeg 300w, https:\/\/lesinvijaki.si\/wp-content\/uploads\/2022\/05\/AdobeStock_296293674-2-1024x683.jpeg 1024w, https:\/\/lesinvijaki.si\/wp-content\/uploads\/2022\/05\/AdobeStock_296293674-2-768x512.jpeg 768w, https:\/\/lesinvijaki.si\/wp-content\/uploads\/2022\/05\/AdobeStock_296293674-2-1536x1024.jpeg 1536w, https:\/\/lesinvijaki.si\/wp-content\/uploads\/2022\/05\/AdobeStock_296293674-2-2048x1365.jpeg 2048w\" sizes=\"auto, (max-width: 600px) 100vw, 600px\" \/>\n<ul id=\"menu-footer-3\"><li><a href=\"https:\/\/lesinvijaki.si\/\">DOMOV<\/a><\/li> <li><a href=\"https:\/\/lesinvijaki.si\/index.php\/o-nas\/\">O NAS<\/a><\/li> <li><a href=\"https:\/\/lesinvijaki.si\/index.php\/fibrolitne-plosce\/\">PLO\u0160\u010cE IZ LESENE VOLNE<\/a><\/li> <li><a href=\"https:\/\/lesinvijaki.si\/index.php\/lesena-okna-vrata-in-sistemi\/\">LESENA OKNA IN VRATA<\/a><\/li> <li><a href=\"https:\/\/lesinvijaki.si\/index.php\/strukturna-zasteklitev\/\">STRUKTURNA ZASTEKLITEV<\/a><\/li> <li><a href=\"https:\/\/lesinvijaki.si\/index.php\/pvc-okna-aluminijasta-okna-vrata-in-sistemi\/\">ALU, PVC OKNA IN VRATA<\/a><\/li> <li><a href=\"https:\/\/lesinvijaki.si\/index.php\/pritrdilni-elementi\/\">PRITRDILNI ELEMENTI<\/a><\/li> <li><a href=\"https:\/\/lesinvijaki.si\/index.php\/kopalne-kadi\/\">KOPALNE KADI<\/a><\/li> <\/ul>\n<ul id=\"menu-footer-4\"><li><a href=\"https:\/\/lesinvijaki.si\/index.php\/pohistvo\/\">POHI\u0160TVO<\/a><\/li> <li><a href=\"https:\/\/lesinvijaki.si\/index.php\/logistika\/\">LOGISTIKA<\/a><\/li> <li><a href=\"https:\/\/lesinvijaki.si\/index.php\/pogoji-poslovanja\/\">POGOJI POSLOVANJA<\/a><\/li> <li><a href=\"https:\/\/lesinvijaki.si\/index.php\/pravica-do-odstopa\/\">PRAVICA DO ODSTOPA<\/a><\/li> <li><a href=\"https:\/\/lesinvijaki.si\/index.php\/politika-zasebnosti\/\">POLITIKA ZASEBNOSTI<\/a><\/li> <li><a href=\"https:\/\/lesinvijaki.si\/index.php\/kontakt\/\">KONTAKT<\/a><\/li> <\/ul>\n<i><svg aria-hidden=\"true\"><use href=\"#tf-fas-home\"><\/use><\/svg><\/i> LINC Europe d.o.o. <i><svg aria-hidden=\"true\"><use href=\"#tf-far-map\"><\/use><\/svg><\/i> Naslov: Dre\u0161inja Vas 12, 3301 Petrov\u010de, Slovenia <i><svg aria-hidden=\"true\"><use href=\"#tf-fas-phone\"><\/use><\/svg><\/i> Tel. \u0161tev.: +386 51214040 <i><svg aria-hidden=\"true\"><use href=\"#tf-ti-email\"><\/use><\/svg><\/i> E-naslov: info@linc-europe.com <i><svg aria-hidden=\"true\"><use href=\"#tf-far-copyright\"><\/use><\/svg><\/i> 2022. lesinvijaki.si","_links":{"self":[{"href":"https:\/\/lesinvijaki.si\/index.php\/wp-json\/wp\/v2\/pages\/154","targetHints":{"allow":["GET"]}}],"collection":[{"href":"https:\/\/lesinvijaki.si\/index.php\/wp-json\/wp\/v2\/pages"}],"about":[{"href":"https:\/\/lesinvijaki.si\/index.php\/wp-json\/wp\/v2\/types\/page"}],"author":[{"embeddable":true,"href":"https:\/\/lesinvijaki.si\/index.php\/wp-json\/wp\/v2\/users\/1"}],"replies":[{"embeddable":true,"href":"https:\/\/lesinvijaki.si\/index.php\/wp-json\/wp\/v2\/comments?post=154"}],"version-history":[{"count":23,"href":"https:\/\/lesinvijaki.si\/index.php\/wp-json\/wp\/v2\/pages\/154\/revisions"}],"predecessor-version":[{"id":683,"href":"https:\/\/lesinvijaki.si\/index.php\/wp-json\/wp\/v2\/pages\/154\/revisions\/683"}],"wp:attachment":[{"href":"https:\/\/lesinvijaki.si\/index.php\/wp-json\/wp\/v2\/media?parent=154"}],"curies":[{"name":"wp","href":"https:\/\/api.w.org\/{rel}","templated":true}]}}