{"id":140,"date":"2022-04-20T08:54:16","date_gmt":"2022-04-20T08:54:16","guid":{"rendered":"https:\/\/lesinvijaki.si\/?page_id=140"},"modified":"2024-07-05T07:42:33","modified_gmt":"2024-07-05T07:42:33","slug":"logistika","status":"publish","type":"page","link":"https:\/\/lesinvijaki.si\/index.php\/logistika\/","title":{"rendered":"LOGISTIKA"},"content":{"rendered":"<!--themify_builder_content-->\n<div id=\"themify_builder_content-140\" data-postid=\"140\" class=\"themify_builder_content themify_builder_content-140 themify_builder tf_clear\">\n    \t<!-- module_row -->\n\t<div  data-lazy=\"1\" class=\"module_row themify_builder_row tb_5c46331 tb_first clearfix\" >\n\t    \t\t<div class=\"row_inner col_align_top tf_box tf_w tf_rel\">\n\t\t\t<div  data-lazy=\"1\" class=\"module_column tb-column col4-2 first tb_9ow6332 tf_box\">\n\t    \t    \t        <div class=\"tb-column-inner tf_box tf_w\">\n\t\t    <!-- module text -->\n<div  class=\"module module-text tb_xe7d899   \" data-lazy=\"1\">\n            <div  class=\"tb_text_wrap\">\n    <h3><span style=\"color: #993300;\">Nudimo:<\/span><\/h3>    <\/div>\n<\/div>\n<!-- \/module text --><!-- module text -->\n<div  class=\"module module-text tb_hex7776   \" data-lazy=\"1\">\n            <div  class=\"tb_text_wrap\">\n    <p style=\"text-align: left;\"><span style=\"color: #000000;\">Logistika je klju\u010dni del na\u0161ega vsakodnevnega poslovanja.<\/span><br \/><span style=\"color: #000000;\">Na\u0161a ekipa vedno i\u0161\u010de najbolj\u0161e logisti\u010dne re\u0161itve za vse na\u010dine transportna. Sodelujemo z glavnimi akterji na tem podro\u010dju v na\u0161i regiji in \u0161ir\u0161e, da zagotovimo najbolj\u0161e pogoje za vsako po\u0161iljko v celotni dobavni verigi.<\/span><\/p>\n<p style=\"text-align: left;\"><span style=\"color: #000000;\">Dostava naro\u010dil:<\/span><br \/><span style=\"color: #000000;\">Na\u0161im strankam nudimo dostavo naro\u010denih izdelkov pri na\u0161ih najbolj zanesljivih logisti\u010dnih ponudnikih, pri \u010demer vedno i\u0161\u010demo najbolj\u0161o mo\u017eno re\u0161itev za na\u0161e stranke. Poleg tega lahko na\u0161e stranke izberejo svojo logisti\u010dno re\u0161itev.<\/span><\/p>    <\/div>\n<\/div>\n<!-- \/module text -->\t        <\/div>\n\t    \t<\/div>\n\t\t<div  data-lazy=\"1\" class=\"module_column tb-column col4-2 last tb_8844463 tf_box\">\n\t    \t    \t        <div class=\"tb-column-inner tf_box tf_w\">\n\t\t    <!-- module image -->\n<div  class=\"module module-image tb_q8ap168   image-top tf_mw\" data-lazy=\"1\">\n            <div class=\"image-wrap tf_rel tf_mw\">\n\t\t    <img loading=\"lazy\" decoding=\"async\" src=\"https:\/\/lesinvijaki.si\/wp-content\/uploads\/2022\/04\/AdobeStock_123594954-1-1024x683-600x400.jpeg\" width=\"600\" height=\"400\" class=\"wp-post-image wp-image-246\" title=\"Trucks moving against each other on an asphalt road running alon\" alt=\"Trucks moving against each other on an asphalt road running alon\" srcset=\"https:\/\/lesinvijaki.si\/wp-content\/uploads\/2022\/04\/AdobeStock_123594954-1-1024x683-600x400.jpeg 600w, https:\/\/lesinvijaki.si\/wp-content\/uploads\/2022\/04\/AdobeStock_123594954-1-300x200.jpeg 300w, https:\/\/lesinvijaki.si\/wp-content\/uploads\/2022\/04\/AdobeStock_123594954-1-1024x683.jpeg 1024w, https:\/\/lesinvijaki.si\/wp-content\/uploads\/2022\/04\/AdobeStock_123594954-1-768x512.jpeg 768w, https:\/\/lesinvijaki.si\/wp-content\/uploads\/2022\/04\/AdobeStock_123594954-1-1536x1024.jpeg 1536w, https:\/\/lesinvijaki.si\/wp-content\/uploads\/2022\/04\/AdobeStock_123594954-1-2048x1365.jpeg 2048w\" sizes=\"auto, (max-width: 600px) 100vw, 600px\" \/>\t\n\t\t<\/div>\n\t<!-- \/image-wrap -->\n    \n    \n<\/div>\n<!-- \/module image -->\t        <\/div>\n\t    \t<\/div>\n\t\t    <\/div>\n\t    <!-- \/row_inner -->\n\t<\/div>\n\t<!-- \/module_row -->\n\t\t<!-- module_row -->\n\t<div  data-css_id=\"1so2952\" data-lazy=\"1\" class=\"module_row themify_builder_row fullwidth_row_container tb_1so2952 clearfix\" >\n\t    \t\t<div class=\"row_inner col_align_top gutter-none tf_box tf_w tf_rel\">\n\t\t\t<div  data-lazy=\"1\" class=\"module_column tb-column col3-1 first tb_wzhn953 tf_box\">\n\t    \t    \t        <div class=\"tb-column-inner tf_box tf_w\">\n\t\t    <!-- module menu -->\n<div  class=\"module module-menu tb_v41c953  mobile-menu-slide\" data-menu-style=\"mobile-menu-slide\" data-menu-breakpoint=\"0\" data-element-id=\"tb_v41c953\" data-lazy=\"1\">\n            \n    \t\t\t\n\t\t\t<div class=\"module-menu-container \"><ul id=\"menu-footer-1\" class=\"ui clearfix nav tf_rel vertical transparent \"><li id=\"menu-item-309\" class=\"menu-item-page-5 menu-item menu-item-type-post_type menu-item-object-page menu-item-home menu-item-309\"><a href=\"https:\/\/lesinvijaki.si\/\">DOMOV<\/a><\/li>\n<li id=\"menu-item-310\" class=\"menu-item-page-18 menu-item menu-item-type-post_type menu-item-object-page menu-item-310\"><a href=\"https:\/\/lesinvijaki.si\/index.php\/o-nas\/\">O NAS<\/a><\/li>\n<li id=\"menu-item-573\" class=\"menu-item-page-529 menu-item menu-item-type-post_type menu-item-object-page menu-item-573\"><a href=\"https:\/\/lesinvijaki.si\/index.php\/fibrolitne-plosce\/\">PLO\u0160\u010cE IZ LESENE VOLNE<\/a><\/li>\n<li id=\"menu-item-313\" class=\"menu-item-page-24 menu-item menu-item-type-post_type menu-item-object-page menu-item-313\"><a href=\"https:\/\/lesinvijaki.si\/index.php\/lesena-okna-vrata-in-sistemi\/\">LESENA OKNA IN VRATA<\/a><\/li>\n<li id=\"menu-item-664\" class=\"menu-item-page-654 menu-item menu-item-type-post_type menu-item-object-page menu-item-664\"><a href=\"https:\/\/lesinvijaki.si\/index.php\/strukturna-zasteklitev\/\">STRUKTURNA ZASTEKLITEV<\/a><\/li>\n<li id=\"menu-item-314\" class=\"menu-item-page-26 menu-item menu-item-type-post_type menu-item-object-page menu-item-314\"><a href=\"https:\/\/lesinvijaki.si\/index.php\/pvc-okna-aluminijasta-okna-vrata-in-sistemi\/\">ALU, PVC OKNA IN VRATA<\/a><\/li>\n<li id=\"menu-item-312\" class=\"menu-item-page-22 menu-item menu-item-type-post_type menu-item-object-page menu-item-312\"><a href=\"https:\/\/lesinvijaki.si\/index.php\/pritrdilni-elementi\/\">PRITRDILNI ELEMENTI<\/a><\/li>\n<li id=\"menu-item-598\" class=\"menu-item-page-28 menu-item menu-item-type-post_type menu-item-object-page menu-item-598\"><a href=\"https:\/\/lesinvijaki.si\/index.php\/kopalne-kadi\/\">KOPALNE KADI<\/a><\/li>\n<\/ul><\/div><\/div>\n<!-- \/module menu -->\n\t        <\/div>\n\t    \t<\/div>\n\t\t<div  data-lazy=\"1\" style=\"width: 30.98%\" class=\"module_column tb-column col3-1 middle tb_cgs2953 tf_box\">\n\t    \t    \t        <div class=\"tb-column-inner tf_box tf_w\">\n\t\t    <!-- module menu -->\n<div  class=\"module module-menu tb_yxek953  mobile-menu-slide tf_textl\" data-menu-style=\"mobile-menu-slide\" data-menu-breakpoint=\"0\" data-element-id=\"tb_yxek953\" data-lazy=\"1\">\n            \n    \t\t\t\n\t\t\t<div class=\"module-menu-container tf_textl\"><ul id=\"menu-footer-2\" class=\"ui clearfix nav tf_rel vertical transparent \"><li id=\"menu-item-599\" class=\"menu-item-page-20 menu-item menu-item-type-post_type menu-item-object-page menu-item-599\"><a href=\"https:\/\/lesinvijaki.si\/index.php\/pohistvo\/\">POHI\u0160TVO<\/a><\/li>\n<li id=\"menu-item-318\" class=\"menu-item-page-140 menu-item menu-item-type-post_type menu-item-object-page menu-item-318\"><a href=\"https:\/\/lesinvijaki.si\/index.php\/logistika\/\">LOGISTIKA<\/a><\/li>\n<li id=\"menu-item-317\" class=\"menu-item-page-145 menu-item menu-item-type-post_type menu-item-object-page menu-item-317\"><a href=\"https:\/\/lesinvijaki.si\/index.php\/pogoji-poslovanja\/\">POGOJI POSLOVANJA<\/a><\/li>\n<li id=\"menu-item-316\" class=\"menu-item-page-154 menu-item menu-item-type-post_type menu-item-object-page menu-item-316\"><a href=\"https:\/\/lesinvijaki.si\/index.php\/pravica-do-odstopa\/\">PRAVICA DO ODSTOPA<\/a><\/li>\n<li id=\"menu-item-315\" class=\"menu-item-page-178 menu-item menu-item-type-post_type menu-item-object-page menu-item-315\"><a href=\"https:\/\/lesinvijaki.si\/index.php\/politika-zasebnosti\/\">POLITIKA ZASEBNOSTI<\/a><\/li>\n<li id=\"menu-item-319\" class=\"menu-item-page-32 menu-item menu-item-type-post_type menu-item-object-page menu-item-319\"><a href=\"https:\/\/lesinvijaki.si\/index.php\/kontakt\/\">KONTAKT<\/a><\/li>\n<\/ul><\/div><\/div>\n<!-- \/module menu -->\n\t        <\/div>\n\t    \t<\/div>\n\t\t<div  data-lazy=\"1\" style=\"width: 35.687%\" class=\"module_column tb-column col3-1 last tb_ue0s953 tf_box\">\n\t    \t    \t        <div class=\"tb-column-inner tf_box tf_w\">\n\t\t    <!-- module icon -->\n<div  class=\"module module-icon tb_e2un953  normal none icon_vertical \" data-lazy=\"1\">\n            <div class=\"module-icon\">\n\t\t    <div class=\"module-icon-item\">\n\t\t                \t\t    \t\t\t    <i class=\"ui tf_vmiddle tf_textc tf_box brown\"><svg  aria-hidden=\"true\" class=\"tf_fa tf-fas-home\"><use href=\"#tf-fas-home\"><\/use><\/svg><\/i>\n\t\t                \t\t    \t\t\t<span class=\"tf_vmiddle\">LINC Europe d.o.o.<\/span>\n\t\t    \t\t    \t    <\/div>\n\t\t    <div class=\"module-icon-item\">\n\t\t                \t\t    \t\t\t    <i class=\"ui tf_vmiddle tf_textc tf_box brown\"><svg  aria-hidden=\"true\" class=\"tf_fa tf-far-map\"><use href=\"#tf-far-map\"><\/use><\/svg><\/i>\n\t\t                \t\t    \t\t\t<span class=\"tf_vmiddle\">Naslov: Dre\u0161inja Vas 12, 3301 Petrov\u010de, Slovenia<\/span>\n\t\t    \t\t    \t    <\/div>\n\t\t    <div class=\"module-icon-item\">\n\t\t                \t\t    \t\t\t    <i class=\"ui tf_vmiddle tf_textc tf_box brown\"><svg  aria-hidden=\"true\" class=\"tf_fa tf-fas-phone\"><use href=\"#tf-fas-phone\"><\/use><\/svg><\/i>\n\t\t                \t\t    \t\t\t<span class=\"tf_vmiddle\">Tel. \u0161tev.: +386 51214040<\/span>\n\t\t    \t\t    \t    <\/div>\n\t\t    <div class=\"module-icon-item\">\n\t\t                \t\t    \t\t\t    <i class=\"ui tf_vmiddle tf_textc tf_box brown\"><svg  aria-hidden=\"true\" class=\"tf_fa tf-ti-email\"><use href=\"#tf-ti-email\"><\/use><\/svg><\/i>\n\t\t                \t\t    \t\t\t<span class=\"tf_vmiddle\">E-naslov: info@linc-europe.com<\/span>\n\t\t    \t\t    \t    <\/div>\n\t\t    <div class=\"module-icon-item\">\n\t\t                \t\t    \t\t\t    <i class=\"ui tf_vmiddle tf_textc tf_box brown\"><svg  aria-hidden=\"true\" class=\"tf_fa tf-far-copyright\"><use href=\"#tf-far-copyright\"><\/use><\/svg><\/i>\n\t\t                \t\t    \t\t\t<span class=\"tf_vmiddle\">2022. lesinvijaki.si<\/span>\n\t\t    \t\t    \t    <\/div>\n\t    <\/div>\n<\/div>\n<!-- \/module icon -->\n\t        <\/div>\n\t    \t<\/div>\n\t\t    <\/div>\n\t    <!-- \/row_inner -->\n\t<\/div>\n\t<!-- \/module_row -->\n\t<\/div>\n<!--\/themify_builder_content-->","protected":false},"excerpt":{"rendered":"<p>Nudimo: Logistika je klju\u010dni del na\u0161ega vsakodnevnega poslovanja.Na\u0161a ekipa vedno i\u0161\u010de najbolj\u0161e logisti\u010dne re\u0161itve za vse na\u010dine transportna. Sodelujemo z glavnimi akterji na tem podro\u010dju v na\u0161i regiji in \u0161ir\u0161e, da zagotovimo najbolj\u0161e pogoje za vsako po\u0161iljko v celotni dobavni verigi. Dostava naro\u010dil:Na\u0161im strankam nudimo dostavo naro\u010denih izdelkov pri na\u0161ih najbolj zanesljivih logisti\u010dnih ponudnikih, pri [&hellip;]<\/p>\n","protected":false},"author":1,"featured_media":0,"parent":0,"menu_order":0,"comment_status":"closed","ping_status":"closed","template":"","meta":{"footnotes":""},"class_list":["post-140","page","type-page","status-publish","hentry","has-post-title","has-post-date","has-post-category","has-post-tag","has-post-comment","has-post-author",""],"aioseo_notices":[],"builder_content":"<h3>Nudimo:<\/h3>\n<p style=\"text-align: left;\">Logistika je klju\u010dni del na\u0161ega vsakodnevnega poslovanja.<br \/>Na\u0161a ekipa vedno i\u0161\u010de najbolj\u0161e logisti\u010dne re\u0161itve za vse na\u010dine transportna. Sodelujemo z glavnimi akterji na tem podro\u010dju v na\u0161i regiji in \u0161ir\u0161e, da zagotovimo najbolj\u0161e pogoje za vsako po\u0161iljko v celotni dobavni verigi.<\/p> <p style=\"text-align: left;\">Dostava naro\u010dil:<br \/>Na\u0161im strankam nudimo dostavo naro\u010denih izdelkov pri na\u0161ih najbolj zanesljivih logisti\u010dnih ponudnikih, pri \u010demer vedno i\u0161\u010demo najbolj\u0161o mo\u017eno re\u0161itev za na\u0161e stranke. Poleg tega lahko na\u0161e stranke izberejo svojo logisti\u010dno re\u0161itev.<\/p>\n<img loading=\"lazy\" decoding=\"async\" src=\"https:\/\/lesinvijaki.si\/wp-content\/uploads\/2022\/04\/AdobeStock_123594954-1-1024x683-600x400.jpeg\" width=\"600\" height=\"400\" title=\"Trucks moving against each other on an asphalt road running alon\" alt=\"Trucks moving against each other on an asphalt road running alon\" srcset=\"https:\/\/lesinvijaki.si\/wp-content\/uploads\/2022\/04\/AdobeStock_123594954-1-1024x683-600x400.jpeg 600w, https:\/\/lesinvijaki.si\/wp-content\/uploads\/2022\/04\/AdobeStock_123594954-1-300x200.jpeg 300w, https:\/\/lesinvijaki.si\/wp-content\/uploads\/2022\/04\/AdobeStock_123594954-1-1024x683.jpeg 1024w, https:\/\/lesinvijaki.si\/wp-content\/uploads\/2022\/04\/AdobeStock_123594954-1-768x512.jpeg 768w, https:\/\/lesinvijaki.si\/wp-content\/uploads\/2022\/04\/AdobeStock_123594954-1-1536x1024.jpeg 1536w, https:\/\/lesinvijaki.si\/wp-content\/uploads\/2022\/04\/AdobeStock_123594954-1-2048x1365.jpeg 2048w\" sizes=\"auto, (max-width: 600px) 100vw, 600px\" \/>\n<ul id=\"menu-footer-3\"><li><a href=\"https:\/\/lesinvijaki.si\/\">DOMOV<\/a><\/li> <li><a href=\"https:\/\/lesinvijaki.si\/index.php\/o-nas\/\">O NAS<\/a><\/li> <li><a href=\"https:\/\/lesinvijaki.si\/index.php\/fibrolitne-plosce\/\">PLO\u0160\u010cE IZ LESENE VOLNE<\/a><\/li> <li><a href=\"https:\/\/lesinvijaki.si\/index.php\/lesena-okna-vrata-in-sistemi\/\">LESENA OKNA IN VRATA<\/a><\/li> <li><a href=\"https:\/\/lesinvijaki.si\/index.php\/strukturna-zasteklitev\/\">STRUKTURNA ZASTEKLITEV<\/a><\/li> <li><a href=\"https:\/\/lesinvijaki.si\/index.php\/pvc-okna-aluminijasta-okna-vrata-in-sistemi\/\">ALU, PVC OKNA IN VRATA<\/a><\/li> <li><a href=\"https:\/\/lesinvijaki.si\/index.php\/pritrdilni-elementi\/\">PRITRDILNI ELEMENTI<\/a><\/li> <li><a href=\"https:\/\/lesinvijaki.si\/index.php\/kopalne-kadi\/\">KOPALNE KADI<\/a><\/li> <\/ul>\n<ul id=\"menu-footer-4\"><li><a href=\"https:\/\/lesinvijaki.si\/index.php\/pohistvo\/\">POHI\u0160TVO<\/a><\/li> <li><a href=\"https:\/\/lesinvijaki.si\/index.php\/logistika\/\">LOGISTIKA<\/a><\/li> <li><a href=\"https:\/\/lesinvijaki.si\/index.php\/pogoji-poslovanja\/\">POGOJI POSLOVANJA<\/a><\/li> <li><a href=\"https:\/\/lesinvijaki.si\/index.php\/pravica-do-odstopa\/\">PRAVICA DO ODSTOPA<\/a><\/li> <li><a href=\"https:\/\/lesinvijaki.si\/index.php\/politika-zasebnosti\/\">POLITIKA ZASEBNOSTI<\/a><\/li> <li><a href=\"https:\/\/lesinvijaki.si\/index.php\/kontakt\/\">KONTAKT<\/a><\/li> <\/ul>\n<i><svg aria-hidden=\"true\"><use href=\"#tf-fas-home\"><\/use><\/svg><\/i> LINC Europe d.o.o. <i><svg aria-hidden=\"true\"><use href=\"#tf-far-map\"><\/use><\/svg><\/i> Naslov: Dre\u0161inja Vas 12, 3301 Petrov\u010de, Slovenia <i><svg aria-hidden=\"true\"><use href=\"#tf-fas-phone\"><\/use><\/svg><\/i> Tel. \u0161tev.: +386 51214040 <i><svg aria-hidden=\"true\"><use href=\"#tf-ti-email\"><\/use><\/svg><\/i> E-naslov: info@linc-europe.com <i><svg aria-hidden=\"true\"><use href=\"#tf-far-copyright\"><\/use><\/svg><\/i> 2022. lesinvijaki.si","_links":{"self":[{"href":"https:\/\/lesinvijaki.si\/index.php\/wp-json\/wp\/v2\/pages\/140","targetHints":{"allow":["GET"]}}],"collection":[{"href":"https:\/\/lesinvijaki.si\/index.php\/wp-json\/wp\/v2\/pages"}],"about":[{"href":"https:\/\/lesinvijaki.si\/index.php\/wp-json\/wp\/v2\/types\/page"}],"author":[{"embeddable":true,"href":"https:\/\/lesinvijaki.si\/index.php\/wp-json\/wp\/v2\/users\/1"}],"replies":[{"embeddable":true,"href":"https:\/\/lesinvijaki.si\/index.php\/wp-json\/wp\/v2\/comments?post=140"}],"version-history":[{"count":16,"href":"https:\/\/lesinvijaki.si\/index.php\/wp-json\/wp\/v2\/pages\/140\/revisions"}],"predecessor-version":[{"id":681,"href":"https:\/\/lesinvijaki.si\/index.php\/wp-json\/wp\/v2\/pages\/140\/revisions\/681"}],"wp:attachment":[{"href":"https:\/\/lesinvijaki.si\/index.php\/wp-json\/wp\/v2\/media?parent=140"}],"curies":[{"name":"wp","href":"https:\/\/api.w.org\/{rel}","templated":true}]}}